{"id":21305,"date":"2023-02-15T22:11:29","date_gmt":"2023-02-15T21:11:29","guid":{"rendered":"https:\/\/www.zum-wildbach.de\/privatlivspolitik"},"modified":"2023-09-12T08:46:26","modified_gmt":"2023-09-12T06:46:26","slug":"privatlivspolitik","status":"publish","type":"page","link":"https:\/\/www.zum-wildbach.de\/da\/privatlivspolitik","title":{"rendered":"Privatlivspolitik"},"content":{"rendered":"\n<!-- Legal document generated by Complianz | GDPR\/CCPA Cookie Consent https:\/\/wordpress.org\/plugins\/complianz-gdpr -->\n<div id=\"cmplz-document\" class=\"cmplz-document privacy-statement cmplz-document-eu\"><p><i>Denne fortro\u00adlig\u00adhed\u00adser\u00adkl\u00e6\u00adring blev sidst opdate\u00adret den 16. maj 2025 og g\u00e6lder for borgere og lovlige perma\u00adnente beboere i Det Europ\u00e6\u00adi\u00adske \u00d8kono\u00admi\u00adske Samar\u00adbejds\u00adom\u00adr\u00e5de og Schweiz.<\/i><br><br><\/p><p><\/p><p>I denne fortro\u00adlig\u00adhed\u00adser\u00adkl\u00e6\u00adring forkla\u00adrer vi, hvad vi g\u00f8r med de data, vi f\u00e5r om dig via <a href=\"https:\/\/www.zum-wildbach.de\/da\">https:\/\/www.zum-wildbach.de\/da<\/a>. Vi anbefa\u00adler, at du l\u00e6ser denne erkl\u00e6\u00adring omhyg\u00adge\u00adligt. I vores behand\u00adling overhol\u00adder vi kravene i fortro\u00adlig\u00adheds\u00adlo\u00adv\u00adgiv\u00adnin\u00adgen. Det betyder blandt andet, at:<\/p><ul>\n                <li>vi angiver klart, hvilke form\u00e5l vi behand\u00adler perso\u00adnop\u00adlys\u00adnin\u00adger til. Vi g\u00f8r dette ved hj\u00e6lp af denne fortrolighedserkl\u00e6ring;<\/li>\n                <li>vi sigter mod at begr\u00e6nse vores indsam\u00adling af person\u00adlige data til kun de person\u00adlige data, der kr\u00e6ves til legitime form\u00e5l;<\/li>\n                <li>vi anmoder f\u00f8rst om dit udtryk\u00adke\u00adlige samtykke til at behandle dine person\u00adlige data i sager, der kr\u00e6ver dit samtykke;<\/li>\n                <li>vi tr\u00e6ffer passende sikker\u00adheds\u00adfor\u00adan\u00adstalt\u00adnin\u00adger for at beskytte dine person\u00adlige data og kr\u00e6ver ogs\u00e5 dette fra parter, der behand\u00adler person\u00adlige data p\u00e5 vores&nbsp;vegne;<\/li>\n                <li>vi respek\u00adte\u00adrer din ret til at f\u00e5 adgang til dine person\u00adlige data eller f\u00e5 dem rettet eller slettet p\u00e5 din anmodning.<\/li>\n            <\/ul><p>Hvis du har sp\u00f8rgs\u00adm\u00e5l eller \u00f8nsker at vide n\u00f8jag\u00adtigt hvilke data vi opbeva\u00adrer om dig, s\u00e5 kontakt os.<\/p><h2>1. Form\u00e5l, data og opbevaringsperiode<\/h2>Vi kan indsamle eller modtage person\u00adlige oplys\u00adnin\u00adger til en r\u00e6kke form\u00e5l i forbin\u00addelse med vores forret\u00adnings\u00adak\u00adti\u00advi\u00adte\u00adter, som kan omfatte f\u00f8lgende: (klik for at udvide)<details class=\"cmplz-dropdown dropdown-privacy-statement\"><summary><div><h3>1.1 Kontakt \u2013 Via telefon, brev, e\u2011mail og\/eller webformularer<\/h3><\/div><\/summary><p class=\"cmplz-subtitle\">Til dette form\u00e5l bruger vi f\u00f8lgende data:<\/p><p><\/p><ul><li>Et for- og efternavn<\/li><li>En adresse, der inklu\u00adde\u00adrer vejnavn, postnum\u00admer og&nbsp;by<\/li><li>En emailadresse<\/li><li>Et telefon\u00adnum\u00admer<\/li><li>IP adresse<\/li><\/ul><p class=\"cmplz-subtitle\">Det grund\u00adlag, vi kan behandle disse data p\u00e5,&nbsp;er:<\/p><p><a target=\"_blank\" rel=\"noopener nofollow\" href=\"https:\/\/cookiedatabase.org\/legal-bases\/#agreement\">Det er n\u00f8dven\u00addigt for at gennem\u00adf\u00f8re en kontrakt eller indle\u00addende proce\u00addu\u00adrer i forbin\u00addelse med en kontrakt, som den registre\u00adrede er part&nbsp;i<\/a><\/p><p class=\"cmplz-subtitle\">Opbeva\u00adrings\u00adpe\u00adri\u00adode<\/p><p>Vi opbeva\u00adrer disse data, indtil tjene\u00adsten afsluttes.<\/p><\/details><details class=\"cmplz-dropdown dropdown-privacy-statement\"><summary><div><h3>1.2 Betalinger<\/h3><\/div><\/summary><p class=\"cmplz-subtitle\">Til dette form\u00e5l bruger vi f\u00f8lgende data:<\/p><p><\/p><ul><li>Et for- og efternavn<\/li><li>En adresse, der inklu\u00adde\u00adrer vejnavn, postnum\u00admer og&nbsp;by<\/li><li>En emailadresse<\/li><li>Et telefon\u00adnum\u00admer<\/li><li>IP adresse<\/li><li>F\u00f8dsels\u00addato<\/li><li>K\u00f8n<\/li><li>Angiv identi\u00adfi\u00adka\u00adtions\u00adkort\u00adnum\u00admer<\/li><\/ul><p class=\"cmplz-subtitle\">Det grund\u00adlag, vi kan behandle disse data p\u00e5,&nbsp;er:<\/p><p><a target=\"_blank\" rel=\"noopener nofollow\" href=\"https:\/\/cookiedatabase.org\/legal-bases\/#agreement\">Det er n\u00f8dven\u00addigt for at gennem\u00adf\u00f8re en kontrakt eller indle\u00addende proce\u00addu\u00adrer i forbin\u00addelse med en kontrakt, som den registre\u00adrede er part&nbsp;i<\/a><\/p><p class=\"cmplz-subtitle\">Opbeva\u00adrings\u00adpe\u00adri\u00adode<\/p><p>Vi opbeva\u00adrer disse data, indtil tjene\u00adsten afsluttes.<\/p><\/details><details class=\"cmplz-dropdown dropdown-privacy-statement\"><summary><div><h3>1.3 At kunne tilbyde personaliserede produkter og tjenester<\/h3><\/div><\/summary><p class=\"cmplz-subtitle\">Til dette form\u00e5l bruger vi f\u00f8lgende data:<\/p><p><\/p><ul><li>En emailadresse<\/li><li>IP adresse<\/li><\/ul><p class=\"cmplz-subtitle\">Det grund\u00adlag, vi kan behandle disse data p\u00e5,&nbsp;er:<\/p><p><a target=\"_blank\" rel=\"noopener nofollow\" href=\"https:\/\/cookiedatabase.org\/legal-bases\/#consent\">Efter at der er givet samtykke.<\/a><\/p><p class=\"cmplz-subtitle\">Opbeva\u00adrings\u00adpe\u00adri\u00adode<\/p><p>Vi opbeva\u00adrer disse data, indtil tjene\u00adsten afsluttes.<\/p><\/details><h2>2. Deling med andre parter<\/h2><p>Vi deler eller videre\u00adgi\u00adver kun disse data til Databe\u00adhand\u00adlere til f\u00f8lgende form\u00e5l:<\/p><p class=\"cmplz-subtitle\">Databe\u00adhand\u00adlere<\/p><p><b>Navn:<\/b>&nbsp;easyBooking<br>\n            <b>Land:<\/b>&nbsp;zadego GmbH, Abteil\u00adung easybooking<br>\n            <b>Form\u00e5l:<\/b>&nbsp;Vermie\u00adtung &amp; Reser\u00advi\u00ader\u00adung der Unterk\u00fcnfte<br>\n            <b>Navn:<\/b>&nbsp;rentware<br>\n            <b>Land:<\/b>&nbsp;Betterware Software UG, Deutschland<br>\n            <b>Form\u00e5l:<\/b>&nbsp;Vermie\u00adtung von Fahrr\u00e4\u00addern, Skiern usw.<br>\n            <b>Navn:<\/b>&nbsp;Samay Labs, Inc (WebWhizz)<br>\n            <b>Land:<\/b>&nbsp;<br>\n            <b>Form\u00e5l:<\/b>&nbsp;Chatbot-KI<br>\n            <\/p><h2>3. Cookies<\/h2><p>Vores websted bruger cookies. For mere infor\u00adma\u00adtion om cookies henvi\u00adses til vores <a href=\"https:\/\/www.zum-wildbach.de\/da\/cookie-politik\">Cookie politik<\/a>.&nbsp;<\/p><h2>4. Offentligg\u00f8relsespraksis<\/h2><p><\/p><p>Vi videre\u00adgi\u00adver person\u00adlige oplys\u00adnin\u00adger, hvis vi er forplig\u00adtet af loven eller af en retsken\u00addelse, som svar p\u00e5 en retsh\u00e5nd\u00adh\u00e6\u00advende myndig\u00adhed, i det omfang det er tilladt i henhold til andre lovbe\u00adstem\u00admel\u00adser, til at give oplys\u00adnin\u00adger eller til en under\u00ads\u00f8\u00adgelse af et sp\u00f8rgs\u00adm\u00e5l relate\u00adret til den offent\u00adlige sikkerhed.<\/p><p>Hvis vores hjemmeside eller organi\u00adsa\u00adtion bliver overta\u00adget, solgt eller invol\u00adve\u00adret i en fusion eller et opk\u00f8b, kan dine oplys\u00adnin\u00adger blive videre\u00adgi\u00advet til vores r\u00e5dgi\u00advere og eventu\u00adelle poten\u00adti\u00adelle k\u00f8bere og vil blive videre\u00adgi\u00advet til de nye&nbsp;ejere.<\/p><h2>5. Sikkerhed<\/h2><p>Vi er forplig\u00adtet til sikker\u00adhe\u00adden af \u200b\u200bperson\u00adlige data. Vi tr\u00e6ffer passende sikker\u00adheds\u00adfor\u00adan\u00adstalt\u00adnin\u00adger for at begr\u00e6nse misbrug af og uauto\u00adri\u00adse\u00adret adgang til person\u00adlige data. Dette sikrer, at kun de n\u00f8dven\u00addige perso\u00adner har adgang til dine data, at adgan\u00adgen til dataene er beskyt\u00adtet, og at vores sikker\u00adheds\u00adfor\u00adan\u00adstalt\u00adnin\u00adger regel\u00adm\u00e6s\u00adsigt gennemg\u00e5s.<\/p><h2>6. Tredjepartswebsteder<\/h2><p>Denne erkl\u00e6\u00adring om beskyt\u00adtelse af person\u00adlige oplys\u00adnin\u00adger g\u00e6lder ikke for tredje\u00adpart\u00adsweb\u00ads\u00adte\u00adder, der er forbun\u00addet via links p\u00e5 vores websted. Vi kan ikke garan\u00adtere, at disse tredje\u00adpar\u00adter h\u00e5ndte\u00adrer dine person\u00adlige oplys\u00adnin\u00adger p\u00e5 en p\u00e5lide\u00adlig eller sikker m\u00e5de. Vi anbefa\u00adler, at du l\u00e6ser disse hjemmesi\u00adders fortro\u00adlig\u00adhed\u00adser\u00adkl\u00e6\u00adrin\u00adger, f\u00f8r du benyt\u00adter disse hjemmesider.<\/p><h2>7. Tilf\u00f8j til denne privatlivspolitik<\/h2><p>Vi forbe\u00adhol\u00adder os retten til at foretage \u00e6ndrin\u00adger i denne erkl\u00e6\u00adring om beskyt\u00adtelse af person\u00adlige oplys\u00adnin\u00adger. Det anbefa\u00adles, at du regel\u00adm\u00e6s\u00adsigt konsul\u00adte\u00adrer denne fortro\u00adlig\u00adhed\u00adser\u00adkl\u00e6\u00adring for at v\u00e6re opm\u00e6rk\u00adsom p\u00e5 \u00e6ndrin\u00adger. Derud\u00adover vil vi aktivt infor\u00admere dig, hvor det er muligt.<\/p><h2>8. Har adgang til og \u00e6ndrer dine&nbsp;data<\/h2><p>Hvis du har sp\u00f8rgs\u00adm\u00e5l eller \u00f8nsker at vide, hvilke person\u00adlige data vi har om dig, s\u00e5 kontakt os. Du kan kontakte os ved hj\u00e6lp af neden\u00adst\u00e5\u00adende oplys\u00adnin\u00adger. Du har f\u00f8lgende rettigheder:<\/p><ul>\n                <li>Du har ret til at vide, hvorfor dine person\u00adlige data er n\u00f8dven\u00addige, hvad der vil ske med dem, og hvor l\u00e6nge de bliver opbevaret.<\/li>\n                <li>Ret til adgang: Du har ret til at f\u00e5 adgang til dine person\u00adlige data, der er kendt af&nbsp;os.<\/li>\n                <li>Ret til rettelse: du har ret til at supplere, rette, slette eller blokere dine person\u00adlige data, n\u00e5r du \u00f8nsker det.<\/li>\n                <li>Hvis du giver os dit samtykke til at behandle dine data, har du ret til at tilba\u00adge\u00adkalde dette samtykke og til at slette dine person\u00adlige&nbsp;data.<\/li>\n                <li>Ret til at overf\u00f8re dine data: Du har ret til at anmode om alle dine person\u00adlige data fra den Behand\u00adlings\u00adansvar\u00adlige og overf\u00f8re dem i sin helhed til en anden Behandlingsansvarlig.<\/li>\n                <li>Ret til indsi\u00adgelse: du kan g\u00f8re indsi\u00adgelse mod behand\u00adlin\u00adgen af \u200b\u200bdine data. Vi efter\u00adkom\u00admer dette, medmin\u00addre der er beret\u00adti\u00adgede grunde til behandling.<\/li>\n            <\/ul><p>S\u00f8rg for altid at angive, hvem du er, s\u00e5 vi kan v\u00e6re sikre p\u00e5, at vi ikke \u00e6ndrer eller sletter data p\u00e5 den forkerte person.<\/p><h2>9. Indsendelse af en&nbsp;klage<\/h2><p>Hvis du ikke er tilfreds med den m\u00e5de, hvorp\u00e5 vi h\u00e5ndte\u00adrer (en klage over) behand\u00adlin\u00adgen af \u200b\u200bdine perso\u00adnop\u00adlys\u00adnin\u00adger, har du ret til at indsende en klage til Datatilsynet.<\/p><h2>10. Kontaktdetaljer<\/h2><p>Ferienan\u00adlage Zum Wildbach GmbH<br>\n        Baren\u00adberg&nbsp;15f<br>\n38879 Schierke<br>\n        Tyskland<br>\n        Inter\u00adnet side: <a href=\"https:\/\/www.zum-wildbach.de\/da\">https:\/\/www.zum-wildbach.de\/da<\/a> <br>\n        Email: <span class=\"cmplz-obfuscate\">info@<span class=\"cmplz-fmail-domain\">ex.com<\/span>zum-wildbach.de<\/span> <br>\n        Telefon\u00adnum\u00admer: (03 94 55) 58 99&nbsp;70<\/p><h2>Bilag<\/h2><p><\/p><h3>Complianz | The Privacy Suite til WordPress<\/h3>\nDenne hjemmeside bruger Compli\u00adanz\u00ab Privacy Suite til WordPress til at indsamle samtyk\u00adke\u00ader\u00adkl\u00e6\u00adrin\u00adger. Til denne funktion bliver din IP-adresse anony\u00admi\u00adse\u00adret og gemt i vores database. For mere infor\u00adma\u00adtion, se venligst Compli\u00adanz\u00ab <a href=\"https:\/\/complianz.io\/privacy-statement\/\" target=\"_blank\" rel=\"noopener\">privat\u00adlivspo\u00adli\u00adtik<\/a>.\n\n<!-- wp:heading {\"level\":3} -->\n<h3>Jobbehandling hos udbydere<\/h3>\n<!-- \/wp:heading --> <!-- wp:paragraph -->\n\nDataene p\u00e5 denne hjemmeside er hostet af 1&amp;1. For yderli\u00adgere oplys\u00adnin\u00adger om databe\u00adskyt\u00adtelse hos 1&amp;1, bes\u00f8g venligst: <a href=\"https:\/\/www.ionos.de\/terms-gtc\/terms-privacy\/\">https:\/\/www.ionos.de\/terms-gtc\/terms-privacy\/<\/a><!-- \/wp:paragraph -->\n<h3>Shortpixel<\/h3>\nBille\u00adder, javascripts og CSS-filer p\u00e5 denne hjemmeside indl\u00e6\u00adses delvist via Short\u00adpixels servere. Tjene\u00adsten reduce\u00adrer filst\u00f8r\u00adrel\u00adsen p\u00e5 bille\u00adderne og forbed\u00adrer dermed indl\u00e6s\u00adning\u00adsti\u00adden p\u00e5 denne hjemmeside.\nFor mere infor\u00adma\u00adtion om Short\u00adpixel, bes\u00f8g venligst <a href=\"https:\/\/shortpixel.com\" target=\"_blank\" rel=\"noopener\">https:\/\/shortpixel.com<\/a> og se Short\u00adpixels privat\u00adlivspo\u00adli\u00adtik <a href=\"https:\/\/shortpixel.com\/privacy\" target=\"_blank\" rel=\"noopener\">https:\/\/shortpixel.com\/privacy<\/a>.\n<h3>Interaktivt kort<\/h3>\nDenne hjemmeside bruger et inter\u00adak\u00adtivt kort fra <a href=\"https:\/\/dr-dsgvo.de\/?karte\" target=\"_blank\" rel=\"noopener\">Dr. DSGVO<\/a>. Kortet betje\u00adnes lokalt. Denne l\u00f8sning er databe\u00adskyt\u00adtel\u00adses\u00adven\u00adlig. Ingen person\u00adlige data videre\u00adgi\u00adves til tredje\u00adpar\u00adter under hentning og drift af kortet. Desuden indsam\u00adler vi ikke andre perso\u00adnop\u00adlys\u00adnin\u00adger til at hente og betjene kortet end dem, der er teknisk n\u00f8dven\u00addige. Kortet bruger ikke cookies.\n<h3>Burst-statistik<\/h3>\nDenne hjemmeside bruger Burst Stati\u00adstics, et privat\u00adlivs\u00adven\u00adligt stati\u00adstik\u00adv\u00e6rk\u00adt\u00f8j, til at analy\u00adsere bes\u00f8gen\u00addes adf\u00e6rd. Til denne funktion indsam\u00adler vi (denne hjemmeside) anony\u00admi\u00adse\u00adrede data, der gemmes lokalt uden at dele dem med andre parter. For mere infor\u00adma\u00adtion, l\u00e6s venligst Bursts <a href=\"https:\/\/burst-statistics.com\/legal\/privacy-statement\/\" target=\"_blank\" rel=\"noopener\"> fortro\u00adlig\u00adhed\u00adser\u00adkl\u00e6\u00adring <\/a>.\n<h3>Rentware<\/h3>\nVi bruger Rentware som vores udlej\u00adnings\u00adbook\u00adings\u00adoftware for at give kunderne den bedst mulige oplevelse. Dine data er beskyt\u00adtet med branchens h\u00f8jeste standar\u00adder for sikker\u00adhed. Ved at bruge softwa\u00adren accep\u00adte\u00adrer du vores <a href=\"https:\/\/www.zum-wildbach.de\/da\/agb-indkvartering\">vilk\u00e5r og betin\u00adgel\u00adser<\/a>.\n<h3>Komoot<\/h3>\nVi integre\u00adrer cykel\u00adkort og ture fra udbyde\u00adren \u201ekomoot\u201c. Tjene\u00adsteud\u00adby\u00adder: komoot GmbH Friedrich-Wilhelm-Boelcke-Stra\u00dfe 2 14473 Potsdam, Tyskland Privat\u00adlivspo\u00adli\u00adtik: <a href=\"https:\/\/www.komoot.de\/privacy\" target=\"_blank\" rel=\"nofollow noopener\">https:\/\/www.komoot.de\/privacy<\/a>\n<h3>WebWhiz<\/h3>\nWebWhiz klassi\u00adfi\u00adce\u00adrer eller gemmer ikke person\u00adlige oplys\u00adnin\u00adger som navne, e\u2011mailadresser eller telefon\u00adnumre. De chatlog\u00adfi\u00adler, der genere\u00adres under inter\u00adak\u00adtio\u00adnen med chatbot\u00adten, kan dog gemmes for at forbedre chatbot\u00adtens ydeevne og optimere tjene\u00adsten.\n\nVi bruger de indsam\u00adlede oplys\u00adnin\u00adger til at forbedre vores chatbots ydeevne og til at optimere vores service. Vi deler ikke brugero\u00adp\u00adlys\u00adnin\u00adger med tredje\u00adpar\u00adter eller bruger dem til markeds\u00adf\u00f8\u00adrings\u00adfor\u00adm\u00e5l. De indsam\u00adlede oplys\u00adnin\u00adger bruges kun til at tr\u00e6ne vores chatbot og levere vores service til brugerne.<\/div>","protected":false},"excerpt":{"rendered":"","protected":false},"author":1,"featured_media":0,"parent":0,"menu_order":14,"comment_status":"closed","ping_status":"closed","template":"","meta":{"tpgb_global_settings":"","_seopress_robots_primary_cat":"","_seopress_titles_title":"Privatlivspolitik - F\u00e5 mere at vide om vores privatlivspraksis","_seopress_titles_desc":"L\u00e6s om, hvordan vi beskytter dine data og sikrer gennemsigtighed i vores privatlivspolitik. Vi l\u00e6gger stor v\u00e6gt p\u00e5 at give dig en sikker onlineoplevelse.","_seopress_robots_index":"","_eb_attr":"","wp_typography_post_enhancements_disabled":false,"iawp_total_views":14,"footnotes":""},"class_list":["post-21305","page","type-page","status-publish"],"blocksy_meta":{"page_structure_type":"type-3","has_hero_section":"enabled","hero_elements":[{"id":"custom_title","enabled":true,"heading_tag":"h1","title":"Startseite","__id":"HboNaaEFdVLn5BfHu9gPu"},{"id":"custom_description","enabled":false,"description_visibility":{"desktop":true,"tablet":true,"mobile":false},"__id":"VGp53KHlUFhIe9CHzjeIe"},{"id":"custom_meta","enabled":false,"meta_elements":[{"id":"author","enabled":true,"label":"Von","has_author_avatar":"yes","avatar_size":25},{"id":"post_date","enabled":true,"label":"Am","date_format_source":"default","date_format":"M j, Y"},{"id":"updated_date","enabled":false,"label":"Am","date_format_source":"default","date_format":"M j, Y"},{"id":"categories","enabled":false,"label":"In","style":"simple"},{"id":"comments","enabled":true}],"page_meta_elements":{"joined":true,"articles_count":true,"comments":true},"__id":"fjo2YNOmiqsXBeIDvss4a"},{"id":"breadcrumbs","enabled":false,"__id":"4PHWu_b8waGRmBAMlmMuh"}],"styles_descriptor":{"styles":{"desktop":"[data-prefix=\"single_page\"] .entry-header .page-title {--theme-font-size:30px;} [data-prefix=\"single_page\"] .entry-header .entry-meta {--theme-font-weight:600;--theme-text-transform:uppercase;--theme-font-size:12px;--theme-line-height:1.3;}","tablet":"","mobile":""},"google_fonts":[],"version":6}},"tpgb_featured_images":null,"tpgb_post_meta_info":{"get_date":"15. februar 2023","get_modified_date":"12. september 2023","author_name":"Torsten Wagner","author_url":"https:\/\/www.zum-wildbach.de\/da\/author\/torsten","author_email":"admin@wagnergraphics.de","author_website":"https:\/\/www.zum-wildbach.de","author_description":"","author_facebook":"","author_twitter":"","author_instagram":"","author_role":["administrator"],"author_firstname":"Torsten","author_lastname":"Wagner","user_login":"Torsten","comment_count":0,"post_likes":0,"post_views":0},"tpgb_post_category":[],"_links":{"self":[{"href":"https:\/\/www.zum-wildbach.de\/da\/wp-json\/wp\/v2\/pages\/21305","targetHints":{"allow":["GET"]}}],"collection":[{"href":"https:\/\/www.zum-wildbach.de\/da\/wp-json\/wp\/v2\/pages"}],"about":[{"href":"https:\/\/www.zum-wildbach.de\/da\/wp-json\/wp\/v2\/types\/page"}],"author":[{"embeddable":true,"href":"https:\/\/www.zum-wildbach.de\/da\/wp-json\/wp\/v2\/users\/1"}],"replies":[{"embeddable":true,"href":"https:\/\/www.zum-wildbach.de\/da\/wp-json\/wp\/v2\/comments?post=21305"}],"version-history":[{"count":0,"href":"https:\/\/www.zum-wildbach.de\/da\/wp-json\/wp\/v2\/pages\/21305\/revisions"}],"wp:attachment":[{"href":"https:\/\/www.zum-wildbach.de\/da\/wp-json\/wp\/v2\/media?parent=21305"}],"curies":[{"name":"wp","href":"https:\/\/api.w.org\/{rel}","templated":true}]}}