{"id":21311,"date":"2023-02-15T22:15:11","date_gmt":"2023-02-15T21:15:11","guid":{"rendered":"https:\/\/www.zum-wildbach.de\/om-os"},"modified":"2025-07-31T12:20:15","modified_gmt":"2025-07-31T10:20:15","slug":"om-os","status":"publish","type":"page","link":"https:\/\/www.zum-wildbach.de\/da\/om-os","title":{"rendered":"Om os"},"content":{"rendered":"\n<div class=\"wp-block-stackable-columns alignfull stk-block-columns stk-block stk-a858866 stk-block-background holz stk--has-background-overlay\" data-block-id=\"a858866\"><style>.stk-a858866 {background-color:var(--theme-palette-color-6, #fcf4e6) !important;background-image:url(https:\/\/www.zum-wildbach.de\/wp-content\/uploads\/2023\/02\/1.webp) !important;background-repeat:no-repeat !important;background-size:cover !important;background-blend-mode:luminosity !important;margin-bottom:24px !important;}.stk-a858866:before{background-color:var(--theme-palette-color-6, #fcf4e6) !important;opacity:0.9 !important;}.stk-a858866-column{--stk-column-gap:120px !important;row-gap:40px !important;}<\/style><style class=\"stk-custom-css\">.stk-a858866.stk-block-columns{overflow:visible !important}<\/style><div class=\"stk-row stk-inner-blocks stk-block-content stk-content-align stk-a858866-column\">\n<div class=\"wp-block-stackable-column stk-block-column stk-column stk-block stk-ae70ac1\" data-v=\"4\" data-block-id=\"ae70ac1\"><style>.stk-ae70ac1-container{margin-top:0px !important;margin-right:0px !important;margin-bottom:0px !important;margin-left:0px !important;}.stk-ae70ac1 {position:relative !important;}<\/style><div class=\"stk-column-wrapper stk-block-column__content stk-container stk-ae70ac1-container stk--no-background stk--no-padding\"><div class=\"stk-block-content stk-inner-blocks stk-ae70ac1-inner-blocks\"><div class=\"tpgb-empty-space tpgb-block-434d43_23 \"><\/div>\n\n\n<div class=\"wp-block-stackable-columns alignfull stk-block-columns stk-block stk-1786325 holz\" data-block-id=\"1786325\"><style>.stk-1786325 {align-items:center !important;margin-bottom:0px !important;display:flex !important;}.stk-1786325-column{--stk-column-gap:120px !important;row-gap:40px !important;}<\/style><div class=\"stk-row stk-inner-blocks stk-block-content stk-content-align stk-1786325-column\">\n<div class=\"wp-block-stackable-column stk-block-column stk-column stk-block stk-098d037\" data-v=\"4\" data-block-id=\"098d037\"><style>.stk-098d037-container{margin-top:0px !important;margin-right:0px !important;margin-bottom:0px !important;margin-left:0px !important;}.stk-098d037 {align-self:center !important;}@media screen and (min-width:690px) and (max-width:998px){.stk-098d037 {flex:var(--stk-flex-grow, 1) 1 calc(100% - var(--stk-column-gap, 0px) * 0 \/ 1 ) !important;}}<\/style><div class=\"stk-column-wrapper stk-block-column__content stk-container stk-098d037-container stk--no-background stk--no-padding\"><div class=\"has-text-align-left stk-block-content stk-inner-blocks stk-098d037-inner-blocks\">\n<h1 class=\"wp-block-heading\"><strong>Alle i familien<\/strong><\/h1>\n\n\n\n<p>Vores familie\u00adven\u00adlige ferie\u00adresort \u201eZum Wildbach\u201c er en dynamisk familie\u00advirk\u00adsom\u00adhed med alle bekvem\u00adme\u00adlig\u00adhe\u00adder og er et af de smukke\u00adste feriedo\u00admi\u00adci\u00adler i Oberharz, t\u00e6t p\u00e5 den farve\u00adrige by Wernigerode.<\/p>\n\n\n\n<p>Det blev bygget i 2003 og indviet ved en ceremoni den 19. decem\u00adber 2003. Dermed opfyldte Daniela og Marius Michael en l\u00e6nge n\u00e6ret dr\u00f8m. S\u00f8nnen Kevin var der allerede og elskede det, hans for\u00e6l\u00addre havde&nbsp;skabt.<\/p>\n\n\n\n<p>I decem\u00adber 2006 blev der tilf\u00f8\u00adjet fire meget lyse ferie\u00adlej\u00adlig\u00adhe\u00adder til ferie\u00adkom\u00adplek\u00adset i form af Haus Kirchblick. Dette hus ligger i samme gade, kun et par meter v\u00e6k. I decem\u00adber 2008 blev der opf\u00f8rt endnu et Kirchblick-hus med fire ferie\u00adlej\u00adlig\u00adhe\u00adder i samme stil p\u00e5 samme&nbsp;grund.<\/p>\n\n\n\n<p>I juni 2011 afslut\u00adtede familien Michael opf\u00f8rel\u00adsen af det k\u00e6rlige ferie\u00adkom\u00adpleks med et ekstra hus p\u00e5 den samme grund. Her er der skabt fire ferie\u00adlej\u00adlig\u00adhe\u00adder \u2013 to af dem er handi\u00adcap\u00adven\u00adlige, og en har tre separate sovev\u00e6relser.<\/p>\n<\/div><\/div><\/div>\n\n\n\n<div class=\"wp-block-stackable-column stk-block-column stk-column stk-block stk-8495508\" data-v=\"4\" data-block-id=\"8495508\"><style>.stk-8495508-container{margin-top:0px !important;margin-right:0px !important;margin-bottom:0px !important;margin-left:0px !important;}.stk-8495508 {align-self:center !important;align-items:flex-end !important;display:flex !important;}@media screen and (min-width:690px) and (max-width:998px){.stk-8495508 {flex:var(--stk-flex-grow, 1) 1 calc(100% - var(--stk-column-gap, 0px) * 0 \/ 1 ) !important;}}<\/style><div class=\"stk-column-wrapper stk-block-column__content stk-container stk-8495508-container stk--no-background stk--no-padding\"><div class=\"stk-block-content stk-inner-blocks stk-8495508-inner-blocks\">\n<figure class=\"wp-block-image size-full is-style-default\"><a href=\"https:\/\/www.zum-wildbach.de\/wp-content\/uploads\/2023\/03\/Betreiber.jpg\"><img decoding=\"async\" width=\"946\" height=\"946\" src=\"https:\/\/www.zum-wildbach.de\/wp-content\/uploads\/2023\/03\/Betreiber.jpg\" alt class=\"wp-image-8294\" srcset=\"https:\/\/www.zum-wildbach.de\/wp-content\/uploads\/2023\/03\/Betreiber.jpg 946w, https:\/\/www.zum-wildbach.de\/wp-content\/uploads\/2023\/03\/Betreiber-300x300.jpg 300w, https:\/\/www.zum-wildbach.de\/wp-content\/uploads\/2023\/03\/Betreiber-150x150.jpg 150w, https:\/\/www.zum-wildbach.de\/wp-content\/uploads\/2023\/03\/Betreiber-768x768.jpg 768w, https:\/\/www.zum-wildbach.de\/wp-content\/uploads\/2023\/03\/Betreiber-700x700.jpg 700w\" sizes=\"(max-width: 946px) 100vw, 946px\"><\/a><\/figure>\n<\/div><\/div><\/div>\n<\/div><\/div>\n\n\n<div class=\"tpgb-empty-space tpgb-block-1cee09_23 \"><\/div>\n\n\n<div class=\"wp-block-stackable-image stk-block-image stk-block stk-d96f87c\" data-block-id=\"d96f87c\"><style>.stk-d96f87c {max-width:40% !important;min-width:auto !important;margin-right:auto !important;margin-bottom:-3% !important;margin-left:auto !important;z-index:10 !important;}.stk-d96f87c .stk-img-wrapper img{object-position:50% 100% !important;}@media screen and (max-width:689px){.stk-d96f87c {max-width:80% !important;min-width:auto !important;margin-bottom:-10% !important;}}<\/style><figure><span class=\"stk-img-wrapper stk-image--shape-stretch\"><img decoding=\"async\" class=\"stk-img wp-image-7597\" src=\"https:\/\/www.zum-wildbach.de\/wp-content\/uploads\/2023\/02\/Baeume-2.webp\" width=\"2048\" height=\"707\" alt=\"Tr\u00e6er\" srcset=\"https:\/\/www.zum-wildbach.de\/wp-content\/uploads\/2023\/02\/Baeume-2.webp 2048w, https:\/\/www.zum-wildbach.de\/wp-content\/uploads\/2023\/02\/Baeume-2-300x104.webp 300w, https:\/\/www.zum-wildbach.de\/wp-content\/uploads\/2023\/02\/Baeume-2-1024x354.webp 1024w, https:\/\/www.zum-wildbach.de\/wp-content\/uploads\/2023\/02\/Baeume-2-768x265.webp 768w, https:\/\/www.zum-wildbach.de\/wp-content\/uploads\/2023\/02\/Baeume-2-1536x530.webp 1536w, https:\/\/www.zum-wildbach.de\/wp-content\/uploads\/2023\/02\/Baeume-2-1600x552.webp 1600w\" sizes=\"(max-width: 2048px) 100vw, 2048px\"><\/span><\/figure><\/div>\n<\/div><\/div><\/div>\n<\/div><\/div>\n","protected":false},"excerpt":{"rendered":"<p>Alle i familien Vores familie\u00adven\u00adlige ferie\u00adresort \u201eZum Wildbach\u201c er en dynamisk familie\u00advirk\u00adsom\u00adhed med alle bekvem\u00adme\u00adlig\u00adhe\u00adder og er et af de smukke\u00adste feriedo\u00admi\u00adci\u00adler i Oberharz, t\u00e6t p\u00e5 den farve\u00adrige by Werni\u00adgerode. Det blev bygget i 2003 og indviet ved en ceremoni den 19. decem\u00adber 2003. Dermed opfyldte Daniela og Marius Michael en l\u00e6nge n\u00e6ret dr\u00f8m. S\u00f8nnen&nbsp;[\u2026]<\/p>\n","protected":false},"author":1,"featured_media":0,"parent":0,"menu_order":6,"comment_status":"closed","ping_status":"closed","template":"","meta":{"tpgb_global_settings":"","_seopress_robots_primary_cat":"","_seopress_titles_title":"Familiedrevet ferieresort i \u00d8vre Harzen: Zum Wildbach","_seopress_titles_desc":"Oplev familievirksomheden Zum Wildbach i \u00d8vre Harzen. Med alle bekvemmeligheder er det et af de smukkeste feriehuse i den farverige by Wernigerode.","_seopress_robots_index":"","_eb_attr":"","wp_typography_post_enhancements_disabled":false,"iawp_total_views":50,"footnotes":""},"class_list":["post-21311","page","type-page","status-publish"],"blocksy_meta":{"styles_descriptor":{"styles":{"desktop":"","tablet":"","mobile":""},"google_fonts":[],"version":6},"content_style_source":"inherit","vertical_spacing_source":"custom","content_area_spacing":"bottom"},"tpgb_featured_images":null,"tpgb_post_meta_info":{"get_date":"15. februar 2023","get_modified_date":"31. juli 2025","author_name":"Torsten Wagner","author_url":"https:\/\/www.zum-wildbach.de\/da\/author\/torsten","author_email":"admin@wagnergraphics.de","author_website":"https:\/\/www.zum-wildbach.de","author_description":"","author_facebook":"","author_twitter":"","author_instagram":"","author_role":["administrator"],"author_firstname":"Torsten","author_lastname":"Wagner","user_login":"Torsten","comment_count":0,"post_likes":0,"post_views":0},"tpgb_post_category":[],"_links":{"self":[{"href":"https:\/\/www.zum-wildbach.de\/da\/wp-json\/wp\/v2\/pages\/21311","targetHints":{"allow":["GET"]}}],"collection":[{"href":"https:\/\/www.zum-wildbach.de\/da\/wp-json\/wp\/v2\/pages"}],"about":[{"href":"https:\/\/www.zum-wildbach.de\/da\/wp-json\/wp\/v2\/types\/page"}],"author":[{"embeddable":true,"href":"https:\/\/www.zum-wildbach.de\/da\/wp-json\/wp\/v2\/users\/1"}],"replies":[{"embeddable":true,"href":"https:\/\/www.zum-wildbach.de\/da\/wp-json\/wp\/v2\/comments?post=21311"}],"version-history":[{"count":2,"href":"https:\/\/www.zum-wildbach.de\/da\/wp-json\/wp\/v2\/pages\/21311\/revisions"}],"predecessor-version":[{"id":67907,"href":"https:\/\/www.zum-wildbach.de\/da\/wp-json\/wp\/v2\/pages\/21311\/revisions\/67907"}],"wp:attachment":[{"href":"https:\/\/www.zum-wildbach.de\/da\/wp-json\/wp\/v2\/media?parent=21311"}],"curies":[{"name":"wp","href":"https:\/\/api.w.org\/{rel}","templated":true}]}}