{"id":21343,"date":"2023-02-24T23:29:09","date_gmt":"2023-02-24T22:29:09","guid":{"rendered":"https:\/\/www.zum-wildbach.de\/agb-indkvartering"},"modified":"2025-07-20T14:42:14","modified_gmt":"2025-07-20T12:42:14","slug":"agb-indkvartering","status":"publish","type":"page","link":"https:\/\/www.zum-wildbach.de\/da\/agb-indkvartering","title":{"rendered":"AGB \u2013 Indkvartering"},"content":{"rendered":"\n<p><strong>Generelle vilk\u00e5r og betin\u00adgel\u00adser og forbru\u00adger\u00adin\u00adfor\u00adma\u00adtion for indkvar\u00adte\u00adring af g\u00e6ster<\/strong><\/p>\n\n<p>Status: 15. juli&nbsp;2023<\/p>\n\n<p><strong>Ferienan\u00adlage<\/strong> <strong>Zum Wildbach GmbH<\/strong><br>Baren\u00adberg 15f<br>38879 Schierke<\/p>\n\n<p>Telefon: +49 (0) 3 94 55 \/ 58 99 70<br>E\u2011mail: <a href=\"mailto:info@zum-wildbach.de\">info@zum-wildbach.de<\/a><\/p>\n\n<div style=\"height:50px\" aria-hidden=\"true\" class=\"wp-block-spacer\"><\/div>\n\n<nav class=\"wp-block-stackable-table-of-contents stk-block-table-of-contents stk-block stk-9025f0a stk-block-background\" data-block-id=\"9025f0a\"><style>.stk-9025f0a li{padding-inline-start:0px !important;margin-bottom:16px !important;}.stk-9025f0a ul{list-style-type:none !important;}.stk-9025f0a .stk-table-of-contents__table{column-count:2 !important;column-gap:49px !important;}.stk-9025f0a .stk-table-of-contents__table ul{margin-top:16px !important;}html{scroll-behavior:smooth !important;}.stk-9025f0a .stk-table-of-contents__title{font-size:1.3em !important;}.stk-9025f0a {background-color:var(--theme-palette-color-8, #dddad2) !important;border-radius:3px !important;overflow:hidden !important;box-shadow:none !important;margin-bottom:0px !important;}.stk-9025f0a:before{background-color:var(--theme-palette-color-8, #dddad2) !important;}@media screen and (max-width:998px){.stk-9025f0a .stk-table-of-contents__title{font-size:1.3em !important;}}<\/style><p class=\"stk-table-of-contents__title\">Indholds\u00adfor\u00adteg\u00adnelse<\/p><ul class=\"stk-table-of-contents__table\"><li><a href=\"#1-geltungsbereich\">\u00a7 1 Anvendelsesomr\u00e5de<\/a><\/li><li><a href=\"#2-vertragspartner\">\u00a7 2 Kontraktpartner<\/a><\/li><li><a href=\"#3-vertragsschluss-uberprufung-und-korrektur-vertragssprachen-verhaltenskodizes\">\u00a7 3 Kontrak\u00adtind\u00adg\u00e5\u00adelse, revision og korrek\u00adtion, kontrakt\u00ads\u00adprog, adf\u00e6rdskodekser<\/a><\/li><li><a href=\"#4-vertragstext\">\u00a7 4 Kontrakttekst<\/a><\/li><li><a href=\"#5-zahlungsarten\">\u00a7 5 Betalingsmetoder<\/a><\/li><li><a href=\"#6-preise\">\u00a7 6 Priser<\/a><\/li><li><a href=\"#7-unterkunftsbereitstellung-und-nutzung\">\u00a7 7 Tilr\u00e5\u00addig\u00adheds\u00adstil\u00adlelse og brug af indkvartering<\/a><\/li><li><a href=\"#8-haftung\">\u00a7 8 Ansvar<\/a><\/li><li><a href=\"#9-hinweis-zum-nichtbestehen-eines-widerrufsrechts\">\u00a7 9 Bem\u00e6rk\u00adning om manglende fortrydelsesret<\/a><\/li><li><a href=\"#10-rucktritt-des-gastes-abbestellung-stornierung-und-no-show\">\u00a7 10 Tilba\u00adge\u00adtr\u00e6k\u00adning af g\u00e6sten (afbestil\u00adling og NoShow)<\/a><\/li><li><a href=\"#11-streitbeilegung\">\u00a7 11 L\u00f8sning af tvister<\/a><\/li><li><a href=\"#12-gerichtsstand\">\u00a7 12 Jurisdiktion<\/a><\/li><li><a href=\"#13-salvatorische-klausel\">\u00a7 13 Klausul om udelukkelse<\/a><\/li><\/ul><\/nav>\n\n<div style=\"height:50px\" aria-hidden=\"true\" class=\"wp-block-spacer\"><\/div>\n\n<h3 class=\"wp-block-heading\" id=\"1-geltungsbereich\">\u00a7 1 Anvendelsesomr\u00e5de<\/h3>\n\n<ol style=\"list-style-type:1\" class=\"wp-block-list\">\n<li>Disse generelle vilk\u00e5r og betin\u00adgel\u00adser (GTC \u2013 Indkvar\u00adte\u00adring) g\u00e6lder for alle kontrak\u00adter om leje af indkvar\u00adte\u00adring med henblik p\u00e5 indkvar\u00adte\u00adring, herun\u00adder caterin\u00adg\u00ady\u00addel\u00adser, hvis det er relevant, mellem os og vores kunder.<\/li>\n\n\n\n<li>Kundens afvigende eller supple\u00adrende betin\u00adgel\u00adser, som vi ikke udtryk\u00adke\u00adligt anerken\u00adder, g\u00e6lder ikke, selv om vi ikke udtryk\u00adke\u00adligt g\u00f8r indsi\u00adgelse mod&nbsp;dem.<\/li>\n<\/ol>\n\n<h3 class=\"wp-block-heading\" id=\"2-vertragspartner\">\u00a7 2 Kontraktpartner<\/h3>\n\n<p>Du indg\u00e5r kontrak\u00adter&nbsp;med:<\/p>\n\n<p><br>Ferie\u00adcen\u00adter Zum Wildbach GmbH<\/p>\n\n<h3 class=\"wp-block-heading\" id=\"3-vertragsschluss-uberprufung-und-korrektur-vertragssprachen-verhaltenskodizes\">\u00a7 3 Kontraktindg\u00e5else, revision og korrektion, kontraktsprog, adf\u00e6rdskodekser<\/h3>\n\n<ol style=\"list-style-type:1\" class=\"wp-block-list\">\n<li>Pr\u00e6sen\u00adta\u00adtio\u00adnen af indkvar\u00adte\u00adrin\u00adgen, mulig\u00adhe\u00adden for booking\u00adfo\u00adre\u00adsp\u00f8rgs\u00adler og booking\u00admu\u00adlig\u00adhe\u00adden via vores inter\u00adnet\u00adtil\u00adste\u00adde\u00adv\u00e6\u00adrelse udg\u00f8r ikke et juridisk bindende tilbud, men en ikke-bindende pr\u00e6sen\u00adta\u00adtion. Ved at foretage en booking\u00adfo\u00adre\u00adsp\u00f8rgsel giver du et bindende tilbud om at indg\u00e5 en indkvar\u00adte\u00adrings\u00adkon\u00adtrakt med os. Det kan ske person\u00adligt i vores lokaler, pr. post, pr. e\u2011mail, pr. telefon eller via vores booking\u00adfo\u00adre\u00adsp\u00f8rgsels\u00adfor\u00admu\u00adlar p\u00e5 vores hjemmeside. Ved at booke via vores hjemmeside foreta\u00adger du en reser\u00adva\u00adtion og anmoder ogs\u00e5 om et bindende tilbud om at indg\u00e5 en indkvar\u00adte\u00adrings\u00adkon\u00adtrakt med os. N\u00e5r du laver en booking\u00adfo\u00adre\u00adsp\u00f8rgsel og booker via vores hjemmeside, kan du rette alle indtast\u00adnin\u00adger l\u00f8bende. Derud\u00adover vil dine indtast\u00adnin\u00adger blive opsum\u00adme\u00adret igen, f\u00f8r du sender bookin\u00adgan\u00admod\u00adnin\u00adgen eller bookin\u00adgen, og kan deref\u00adter redigeres\/korrigeres.<br><br>Bekr\u00e6f\u00adtel\u00adsen p\u00e5 modta\u00adgel\u00adsen af din bookin\u00adgan\u00admod\u00adning eller booking via vores hjemmeside sendes straks via automa\u00adti\u00adse\u00adret e\u2011mail. Vi beder dig om at sikre, at den e\u2011mailadresse, du angiver, er korrekt, og at e\u2011mails sendt af os til den kan modta\u00adges. Tjek ogs\u00e5 din \u201eSpam-mappe\u201c, hvis det er n\u00f8dven\u00addigt. Du vil deref\u00adter modtage en reser\u00adva\u00adtion inklu\u00adsive et bindende tilbud fra os, om n\u00f8dven\u00addigt blandt de tilste\u00adde\u00adv\u00e6\u00adrende p\u00e5 stedet eller p\u00e5 anden m\u00e5de via e\u2011mail. Du kan accep\u00adtere dette med det samme person\u00adligt p\u00e5 stedet og ellers ved at indbe\u00adtale det deposi\u00adtum, vi beder om (i \u00f8jeblik\u00adket 20% af prisen). Dette afslut\u00adter kontrak\u00adten. Hvis det er relevant, er kontrak\u00adten ogs\u00e5 allerede indg\u00e5et ved betalings\u00adtransak\u00adtio\u00adnen via den valgte betaling\u00ads\u00adtje\u00adne\u00adsteud\u00adby\u00adder. Tidspunk\u00adtet for udf\u00f8relse af betalings\u00adtransak\u00adtio\u00adnen afh\u00e6n\u00adger af den valgte betalings\u00adme\u00adtode (se \u201eBetalings\u00adme\u00adto\u00adder\u201c).<\/li>\n\n\n\n<li>Bem\u00e6rk venligst, at kontrak\u00adten kun kan indg\u00e5s p\u00e5 tysk, engelsk og hollandsk.<\/li>\n\n\n\n<li>Vi er ikke under\u00adlagt nogen s\u00e6rlige adf\u00e6rdskodekser.<\/li>\n<\/ol>\n\n<h3 class=\"wp-block-heading\" id=\"4-vertragstext\">\u00a7 4 Kontrakttekst<\/h3>\n\n<p>Vi gemmer kontrakt\u00adtek\u00adsten og sender dig booking\u00adda\u00adta\u00adene og vores GTC \u2013 Overnat\u00adning i tekst\u00adform. Teksten til kontrak\u00adten er ikke l\u00e6ngere tilg\u00e6n\u00adge\u00adlig via inter\u00adnet\u00adtet. GTC \u2013 Indkvar\u00adte\u00adring er stadig tilg\u00e6n\u00adge\u00adlig via internettet.<\/p>\n\n<h3 class=\"wp-block-heading\" id=\"5-zahlungsarten\">\u00a7 5 Betalingsmetoder<\/h3>\n\n<p>Du foreta\u00adger udbeta\u00adlin\u00adger ved&nbsp;at<\/p>\n\n<p><strong>Banko\u00adver\u00adf\u00f8r\u00adsel<\/strong><br>Vi sender dig vores bankop\u00adlys\u00adnin\u00adger i en separat e\u2011mail og beder dig om at foretage en bankoverf\u00f8rsel;<\/p>\n\n<p><strong>PayPal<\/strong><br>For at kunne betale via PayPal skal du v\u00e6re registre\u00adret der eller f\u00f8rst registrere dig, legiti\u00admere dig med dine adgangs\u00adop\u00adlys\u00adnin\u00adger og bekr\u00e6fte betalings\u00adan\u00advis\u00adnin\u00adgen til os&nbsp;eller<\/p>\n\n<p><strong>Med det samme af klarna<\/strong><strong><\/strong><\/p>\n\n<p>For at kunne betale via Sofort skal du have en bankkonto, der er aktive\u00adret til netbank, identi\u00adfi\u00adcere dig i overens\u00adstem\u00admelse hermed og bekr\u00e6fte betalings\u00adin\u00adstruk\u00adtio\u00adnen over for&nbsp;os.<\/p>\n\n<p>Du kan ogs\u00e5 betale <strong>restbe\u00adl\u00f8\u00adbet p\u00e5<\/strong> stedet kontant, med EC-kort eller kredit\u00adkort (Visa eller MasterCard).<\/p>\n\n<h3 class=\"wp-block-heading\" id=\"6-preise\">\u00a7 6 Priser<\/h3>\n\n<p>De angivne priser er inklu\u00adsive den g\u00e6ldende merv\u00e6r\u00addi\u00adaf\u00adgift. Offent\u00adlige afgif\u00adter som f.eks. turistskat er ikke inklu\u00adde\u00adret i priserne og skal betales ekstra af dig og dine medrejsende.<\/p>\n\n<h3 class=\"wp-block-heading\" id=\"7-unterkunftsbereitstellung-und-nutzung\">\u00a7 7 Tilr\u00e5dighedsstillelse og brug af indkvartering<\/h3>\n\n<ol style=\"list-style-type:1\" class=\"wp-block-list\">\n<li>Den tilbudte indkvar\u00adte\u00adring er kun til overnatning.<\/li>\n\n\n\n<li>Fremleje\/udlejning af den leverede bolig samt dens anven\u00addelse til andre form\u00e5l end indkvar\u00adte\u00adring kr\u00e6ver vores forud\u00adg\u00e5\u00adende samtykke (godken\u00addelse).<\/li>\n\n\n\n<li>Medmin\u00addre andet er aftalt, er der ingen ret til at f\u00e5 stillet en s\u00e6rlig bolig til r\u00e5dighed.<\/li>\n\n\n\n<li>Medmin\u00addre andet er aftalt, er den bestilte indkvar\u00adte\u00adring klar til brug fra kl. 15.00 p\u00e5 ankomst\u00adda\u00adgen og skal forla\u00addes senest kl. 10.00 p\u00e5 afrejsedagen.<\/li>\n\n\n\n<li>Vi forbe\u00adhol\u00adder os ret til at omfor\u00addele indkvar\u00adte\u00adring, der endnu ikke er gjort krav p\u00e5 inden kl. 18.00 p\u00e5 ankomst\u00adda\u00adgen. Dette g\u00e6lder ikke, hvis du p\u00e5 forh\u00e5nd har infor\u00adme\u00adret os om et senere ankomsttidspunkt.<\/li>\n<\/ol>\n\n<h3 class=\"wp-block-heading\" id=\"8-haftung\">\u00a7 8 Ansvar<\/h3>\n\n<p>For krav baseret p\u00e5 skader for\u00e5r\u00adsa\u00adget af os, vores juridi\u00adske repr\u00e6\u00adsen\u00adtan\u00adter eller stedfortr\u00e6\u00addere, er vi altid ansvar\u00adlige uden begr\u00e6nsning<\/p>\n\n<ul class=\"wp-block-list\">\n<li>i tilf\u00e6lde af skade p\u00e5 liv, lemmer eller helbred<\/li>\n\n\n\n<li>i tilf\u00e6lde af fors\u00e6t\u00adlig eller groft uagtsom pligtfors\u00f8mmelse<\/li>\n\n\n\n<li>i tilf\u00e6lde af garan\u00adtil\u00f8f\u00adter, i det omfang det er aftalt, eller<\/li>\n\n\n\n<li>for s\u00e5 vidt som anven\u00addel\u00adses\u00adom\u00adr\u00e5\u00addet for produktansvars\u00adlo\u00adven&nbsp;\u00e5bnes.<\/li>\n<\/ul>\n\n<p>I tilf\u00e6lde af mislig\u00adhol\u00addelse af v\u00e6sent\u00adlige kontrakt\u00adlige forplig\u00adtel\u00adser, hvis opfyl\u00addelse er en forud\u00ads\u00e6t\u00adning for kontrak\u00adtens korrekte gennem\u00adf\u00f8\u00adrelse, og hvis overhol\u00addelse kontrakt\u00adpart\u00adne\u00adren regel\u00adm\u00e6s\u00adsigt kan stole p\u00e5 (kardi\u00adnal\u00adfor\u00adplig\u00adtel\u00adser) p\u00e5 grund af let uagtsom\u00adhed fra vores side, fra vores juridi\u00adske repr\u00e6\u00adsen\u00adtan\u00adter eller stedfortr\u00e6\u00addende agenter, er ansvars\u00adbe\u00adl\u00f8\u00adbet begr\u00e6n\u00adset til den skade, der kan forud\u00adses p\u00e5 tidspunk\u00adtet for kontrak\u00adtens indg\u00e5\u00adelse, og hvis forekomst typisk m\u00e5 forventes.<\/p>\n\n<p>I modsat fald er erstat\u00adnings\u00adkrav udelukket.<\/p>\n\n<h3 class=\"wp-block-heading\" id=\"9-hinweis-zum-nichtbestehen-eines-widerrufsrechts\">\u00a7 9 Bem\u00e6rkning om manglende fortrydelsesret<\/h3>\n\n<p>Vi vil gerne p\u00e5pege, at en fortry\u00addel\u00adses\u00adret i henhold til \u00a7 312&nbsp;g stk. 2 nr. 9 i BGB findes ikke.<\/p>\n\n<h3 class=\"wp-block-heading\" id=\"10-rucktritt-des-gastes-abbestellung-stornierung-und-no-show\">\u00a7 10 Tilbagetr\u00e6kning af g\u00e6sten (afbestilling og NoShow)<\/h3>\n\n<p>Hvis du annul\u00adle\u00adrer aftalen om hotel\u00adop\u00adhold eller ikke m\u00f8der op p\u00e5 ankomst\u00adda\u00adgen inden kl. 18.00 uden at infor\u00admere os p\u00e5 forh\u00e5nd, har vi ret til at overdrage det reser\u00adve\u00adrede hotel\u00adop\u00adhold til en anden. Hvis vi har aftalt en dato for gebyr\u00adfri udtr\u00e6\u00addelse, kan du udtr\u00e6de af kontrak\u00adten indtil da uden at udl\u00f8se krav om betaling eller erstat\u00adning fra vores side. Omkost\u00adnings\u00adfri\u00adhe\u00adden for deres fortry\u00addel\u00adses\u00adret udl\u00f8ber, hvis de ikke g\u00f8r brug af deres fortry\u00addel\u00adses\u00adret inden den aftalte dato. Fra dette tidspunkt er du kun beret\u00adti\u00adget til en eventuel lovbe\u00adstemt fortry\u00addel\u00adses\u00adret. Hvis en fortry\u00addel\u00adses\u00adret ikke er aftalt eller allerede er udl\u00f8bet, og der heller ikke er nogen lovbe\u00adstemt fortry\u00addel\u00adses- eller opsigel\u00adses\u00adret, og vi ikke accep\u00adte\u00adrer en annul\u00adle\u00adring af kontrak\u00adten, bevarer vi kravet p\u00e5 det aftalte veder\u00adlag p\u00e5 trods af, at du ikke g\u00f8r brug af tjene\u00adsten. Vi giver dog f\u00f8lgende opsigel\u00adses\u00admu\u00adlig\u00adhe\u00adder med forbe\u00adhold for andre indivi\u00addu\u00adelle aftaler:<\/p>\n\n<ul class=\"wp-block-list\">\n<li>Afbestil\u00adling op til den 10. dag f\u00f8r den aftalte ankomst\u00addato: gratis;<\/li>\n\n\n\n<li>I tilf\u00e6lde af afbestil\u00adling op til den 4. dag f\u00f8r den aftalte ankomst\u00addato: 50% af den kontrakt\u00adligt aftalte pris;<\/li>\n\n\n\n<li>I tilf\u00e6lde af afbestil\u00adling fra den 3. dag f\u00f8r den aftalte ankomst\u00addato: 80&nbsp;% af den kontrakt\u00adligt aftalte pris.<\/li>\n<\/ul>\n\n<p>Det st\u00e5r dig frit for at bevise, at skaden ikke er sket eller ikke er sket med det kr\u00e6vede bel\u00f8b.<\/p>\n\n<h3 class=\"wp-block-heading\" id=\"11-streitbeilegung\">\u00a7 11 L\u00f8sning af tvister<\/h3>\n\n<p>Vi er ikke forplig\u00adtet til eller villige til at deltage i tvist\u00adbil\u00e6g\u00adgel\u00adses\u00adpro\u00adce\u00addu\u00adrer ved et forbrugervoldgiftsn\u00e6vn.<\/p>\n\n<h3 class=\"wp-block-heading\" id=\"12-gerichtsstand\">\u00a7 12 Jurisdiktion<\/h3>\n\n<p>Hvis kunden er en erhvervs\u00addri\u00advende, en offent\u00adli\u00adgret\u00adlig juridisk person eller en offent\u00adli\u00adgret\u00adlig speci\u00adal\u00adfond, er det eksklu\u00adsive v\u00e6rne\u00adting for alle tvister, der direkte eller indirekte opst\u00e5r som f\u00f8lge af kontrakt\u00adfor\u00adhol\u00addet, Ferienan\u00adlage zum Wildbach GmbH\u2019s hjemsted. Vi er dog ogs\u00e5 beret\u00adti\u00adget til at anl\u00e6gge sag ved kundens almin\u00adde\u00adlige v\u00e6rneting.&nbsp;<strong><br><\/strong><\/p>\n\n<h3 class=\"wp-block-heading\" id=\"13-salvatorische-klausel\">\u00a7 13 Klausul om udelukkelse<\/h3>\n\n<p>Skulle enkelte bestem\u00admel\u00adser i disse GTC \u2013 Accom\u00admoda\u00adtion v\u00e6re eller blive helt eller delvist ugyldige, skal dette ikke p\u00e5virke gyldig\u00adhe\u00adden af kontrak\u00adten og dens reste\u00adrende bestemmelser.<\/p>\n","protected":false},"excerpt":{"rendered":"<p>Generelle vilk\u00e5r og betin\u00adgel\u00adser og forbru\u00adger\u00adin\u00adfor\u00adma\u00adtion for indkvar\u00adte\u00adring af g\u00e6ster Status: 15. juli&nbsp;2023 Ferienan\u00adlage Zum Wildbach GmbHBaren\u00adberg 15f38879 Schierke Telefon: +49 (0) 3 94 55 \/ 58 99 70E\u2011mail: info@zum-wildbach.de Indholds\u00adfor\u00adteg\u00adnelse \u00a7 1 Anven\u00addel\u00adses\u00adom\u00adr\u00e5de \u00a7 2 Kontrakt\u00adpart\u00adner \u00a7 3 Kontrak\u00adtind\u00adg\u00e5\u00adelse, revision og korrek\u00adtion, kontrakt\u00ads\u00adprog, adf\u00e6rds\u00adko\u00addek\u00adser \u00a7 4 Kontrakt\u00adtekst \u00a7 5 Betalings\u00adme\u00adto\u00adder \u00a7 6 Priser&nbsp;\u00a7&nbsp;[\u2026]<\/p>\n","protected":false},"author":1,"featured_media":0,"parent":0,"menu_order":8,"comment_status":"closed","ping_status":"closed","template":"","meta":{"tpgb_global_settings":"","_seopress_robots_primary_cat":"","_seopress_titles_title":"Generelle vilk\u00e5r og betingelser","_seopress_titles_desc":"L\u00e6s mere om de generelle vilk\u00e5r og betingelser.","_seopress_robots_index":"","_eb_attr":"","wp_typography_post_enhancements_disabled":false,"iawp_total_views":13,"footnotes":""},"class_list":["post-21343","page","type-page","status-publish"],"blocksy_meta":{"page_structure_type":"type-3","has_hero_section":"enabled","hero_elements":[{"id":"custom_title","enabled":true,"heading_tag":"h1","title":"Startseite","__id":"dwTf9tYemnWSA8mRe92FO"},{"id":"custom_description","enabled":false,"description_visibility":{"desktop":true,"tablet":true,"mobile":false},"__id":"Ed63ebrL7SD-FFOoXBsWw"},{"id":"custom_meta","enabled":false,"meta_elements":[{"id":"author","enabled":true,"label":"Von","has_author_avatar":"yes","avatar_size":25},{"id":"post_date","enabled":true,"label":"Am","date_format_source":"default","date_format":"M j, Y"},{"id":"updated_date","enabled":false,"label":"Am","date_format_source":"default","date_format":"M j, Y"},{"id":"categories","enabled":false,"label":"In","style":"simple"},{"id":"comments","enabled":true}],"page_meta_elements":{"joined":true,"articles_count":true,"comments":true},"__id":"x266zCtC9CMOIaTsCpXbV"},{"id":"breadcrumbs","enabled":false,"__id":"3cKSQsmaV6t32nY6LL1ev"}],"styles_descriptor":{"styles":{"desktop":"[data-prefix=\"single_page\"] .entry-header .page-title {--theme-font-size:30px;} [data-prefix=\"single_page\"] .entry-header .entry-meta {--theme-font-weight:600;--theme-text-transform:uppercase;--theme-font-size:12px;--theme-line-height:1.3;}","tablet":"","mobile":""},"google_fonts":[],"version":6}},"tpgb_featured_images":null,"tpgb_post_meta_info":{"get_date":"24. februar 2023","get_modified_date":"20. juli 2025","author_name":"Torsten Wagner","author_url":"https:\/\/www.zum-wildbach.de\/da\/author\/torsten","author_email":"admin@wagnergraphics.de","author_website":"https:\/\/www.zum-wildbach.de","author_description":"","author_facebook":"","author_twitter":"","author_instagram":"","author_role":["administrator"],"author_firstname":"Torsten","author_lastname":"Wagner","user_login":"Torsten","comment_count":0,"post_likes":0,"post_views":0},"tpgb_post_category":[],"_links":{"self":[{"href":"https:\/\/www.zum-wildbach.de\/da\/wp-json\/wp\/v2\/pages\/21343","targetHints":{"allow":["GET"]}}],"collection":[{"href":"https:\/\/www.zum-wildbach.de\/da\/wp-json\/wp\/v2\/pages"}],"about":[{"href":"https:\/\/www.zum-wildbach.de\/da\/wp-json\/wp\/v2\/types\/page"}],"author":[{"embeddable":true,"href":"https:\/\/www.zum-wildbach.de\/da\/wp-json\/wp\/v2\/users\/1"}],"replies":[{"embeddable":true,"href":"https:\/\/www.zum-wildbach.de\/da\/wp-json\/wp\/v2\/comments?post=21343"}],"version-history":[{"count":2,"href":"https:\/\/www.zum-wildbach.de\/da\/wp-json\/wp\/v2\/pages\/21343\/revisions"}],"predecessor-version":[{"id":66286,"href":"https:\/\/www.zum-wildbach.de\/da\/wp-json\/wp\/v2\/pages\/21343\/revisions\/66286"}],"wp:attachment":[{"href":"https:\/\/www.zum-wildbach.de\/da\/wp-json\/wp\/v2\/media?parent=21343"}],"curies":[{"name":"wp","href":"https:\/\/api.w.org\/{rel}","templated":true}]}}