{"id":58412,"date":"2025-06-20T21:02:38","date_gmt":"2025-06-20T19:02:38","guid":{"rendered":"https:\/\/www.zum-wildbach.de\/erklaering-om-tilgaengelighed"},"modified":"2026-04-07T14:55:30","modified_gmt":"2026-04-07T12:55:30","slug":"erklaering-om-tilgaengelighed","status":"publish","type":"page","link":"https:\/\/www.zum-wildbach.de\/da\/erklaering-om-tilgaengelighed","title":{"rendered":"Tilg\u00e6ngelighedserkl\u00e6ring"},"content":{"rendered":"\n<div class=\"wp-block-stackable-columns aligncenter stk-block-columns stk-block stk-5cbcd0c\" data-block-id=\"5cbcd0c\"><style>.stk-5cbcd0c-column{max-width:700px !important;min-width:auto !important;margin-right:auto !important;margin-left:auto !important;}<\/style><div class=\"stk-row stk-inner-blocks stk-block-content stk-content-align stk-5cbcd0c-column\">\n<div class=\"wp-block-stackable-column stk-block-column stk-column stk-block stk-879db4d\" data-v=\"4\" data-block-id=\"879db4d\"><div class=\"stk-column-wrapper stk-block-column__content stk-container stk-879db4d-container stk--no-background stk--no-padding\"><div class=\"stk-block-content stk-inner-blocks stk-879db4d-inner-blocks\">\n<h3 class=\"wp-block-heading\">1. Generelle oplysninger<\/h3>\n\n\n\n<p>Vi l\u00e6gger stor v\u00e6gt p\u00e5, at vores hjemmesi\u00adder er desig\u00adnet s\u00e5 tilg\u00e6n\u00adge\u00adligt som muligt og f\u00f8lger kravene i Web Content Acces\u00adsi\u00adbi\u00adlity Guide\u00adli\u00adnes (WCAG) 2.1 p\u00e5 overens\u00adstem\u00admel\u00adses\u00adni\u00adveau AA. Vores m\u00e5l er at g\u00f8re indhol\u00addet tilg\u00e6n\u00adge\u00adligt og brugbart for s\u00e5 mange menne\u00adsker som muligt \u2013 ogs\u00e5 for perso\u00adner med forskel\u00adlige funktionsneds\u00e6ttelser.&nbsp;<\/p>\n\n\n\n<h3 class=\"wp-block-heading\">2. Indhold fra tredjepartsudbydere<\/h3>\n\n\n\n<p>P\u00e5 vores hjemmesi\u00adder kan der v\u00e6re integre\u00adret elemen\u00adter og indhold fra tredje\u00adpart\u00ads\u00adud\u00adby\u00addere. Dette indhold er ikke under vores direkte kontrol og kan derfor ikke altid kontrol\u00adle\u00adres fuldst\u00e6n\u00addigt for tilg\u00e6n\u00adge\u00adlig\u00adhed eller tilpas\u00adses. Ikke desto mindre er disse elemen\u00adter ofte essen\u00adti\u00adelle for sidens funktio\u00adna\u00adli\u00adtet og informationsindhold.&nbsp;<\/p>\n\n\n\n<h3 class=\"wp-block-heading\">3. Vores ambition og l\u00f8bende forbedring<\/h3>\n\n\n\n<p>Vi bestr\u00e6\u00adber os l\u00f8bende p\u00e5 at forbedre tilg\u00e6n\u00adge\u00adlig\u00adhe\u00adden p\u00e5 vores hjemmesi\u00adder og fjerne eventu\u00adelle barri\u00ade\u00adrer for adgang. Hvis du st\u00f8der p\u00e5 barri\u00ade\u00adrer, n\u00e5r du bruger en af vores hjemmesi\u00adder, h\u00f8rer vi gerne fra dig, s\u00e5 vi kan under\u00ads\u00f8ge og eventu\u00adelt udbedre dem.&nbsp;<\/p>\n\n\n\n<h3 class=\"wp-block-heading\">4. Kontaktmuligheder for feedback<\/h3>\n\n\n\n<p>For bem\u00e6rk\u00adnin\u00adger eller sp\u00f8rgs\u00adm\u00e5l om tilg\u00e6n\u00adge\u00adlig\u00adhed kan du kontakte os p\u00e5:<br>E\u2011mail: <a href=\"mailto:info@zum-wildbach.de\">info@zum-wildbach.de<\/a><br>Telefon: <a href=\"tel:+4939455589970\">03 94 55 \/ 58 99&nbsp;70<\/a><\/p>\n\n\n\n<h3 class=\"wp-block-heading\">5. Juridiske oplysninger<\/h3>\n\n\n\n<p>Denne erkl\u00e6\u00adring er baseret p\u00e5 kravene i WCAG 2.1 (overens\u00adstem\u00admel\u00adses\u00adni\u00adveau AA). P\u00e5 trods af alle bestr\u00e6\u00adbel\u00adser kan det ikke garan\u00adte\u00adres, at alt indhold er fuldt ud tilg\u00e6n\u00adge\u00adligt, is\u00e6r hvis tekni\u00adske eller eksterne ramme\u00adbe\u00adtin\u00adgel\u00adser forhin\u00addrer&nbsp;dette.&nbsp;<\/p>\n\n\n\n<h3 class=\"wp-block-heading\">6. Tilg\u00e6ngelighed p\u00e5 stedet<\/h3>\n\n\n\n<p>Vores tilg\u00e6n\u00adge\u00adlig\u00adhed stopper ikke p\u00e5 inter\u00adnet\u00adtet; vi tilby\u00adder ogs\u00e5 vores g\u00e6ster to <a href=\"https:\/\/www.zum-wildbach.de\/da\/unterkuenfte\/ferielejlighed-kirchblick-med-2-sovevaerelser\" data-type=\"unterkuenfte\" data-id=\"6815\">handi\u00adcap\u00adven\u00adlige lejlig\u00adhe\u00adder<\/a> p\u00e5 stedet.<\/p>\n\n\n\n<p>Status: 04\/2026<\/p>\n<\/div><\/div><\/div>\n<\/div><\/div>\n","protected":false},"excerpt":{"rendered":"<p>1. Generelle oplys\u00adnin\u00adger Vi l\u00e6gger stor v\u00e6gt p\u00e5, at vores hjemmesi\u00adder er desig\u00adnet s\u00e5 tilg\u00e6n\u00adge\u00adligt som muligt og f\u00f8lger kravene i Web Content Acces\u00adsi\u00adbi\u00adlity Guide\u00adli\u00adnes (WCAG) 2.1 p\u00e5 overens\u00adstem\u00admel\u00adses\u00adni\u00adveau AA. Vores m\u00e5l er at g\u00f8re indhol\u00addet tilg\u00e6n\u00adge\u00adligt og brugbart for s\u00e5 mange menne\u00adsker som muligt \u2013 ogs\u00e5 for perso\u00adner med forskel\u00adlige funktions\u00adned\u00ads\u00e6t\u00adtel\u00adser.&nbsp; 2. Indhold fra&nbsp;[\u2026]<\/p>\n","protected":false},"author":1,"featured_media":0,"parent":0,"menu_order":0,"comment_status":"closed","ping_status":"closed","template":"","meta":{"tpgb_global_settings":"","_eb_attr":"","wp_typography_post_enhancements_disabled":false,"footnotes":""},"class_list":["post-58412","page","type-page","status-publish","hentry"],"blocksy_meta":{"has_hero_section":"enabled","hero_elements":[{"id":"custom_title","enabled":true,"heading_tag":"h1","title":"Startseite","__id":"lZmvvhzoSvRT5-3SkFIef"},{"id":"custom_description","enabled":false,"description_visibility":{"desktop":true,"tablet":true,"mobile":false},"__id":"ygwLC7wDFimRGA8z06h6I"},{"id":"custom_meta","enabled":false,"meta_elements":[{"id":"author","enabled":true,"label":"Von","has_author_avatar":"yes","avatar_size":25},{"id":"post_date","enabled":true,"label":"Am","date_format_source":"default","date_format":"M j, Y"},{"id":"updated_date","enabled":false,"label":"Am","date_format_source":"default","date_format":"M j, Y"},{"id":"categories","enabled":false,"label":"In","style":"simple"},{"id":"comments","enabled":true}],"page_meta_elements":{"joined":true,"articles_count":true,"comments":true},"__id":"iqXkkJn_WwwHjHmfQTnAR"},{"id":"breadcrumbs","enabled":false,"__id":"xSkLFzWcaaM87PWwl_PbL"},{"id":"content-block","enabled":false,"__id":"E-4vE7Yz0q6tlgWQUzMm3"}],"styles_descriptor":{"styles":{"desktop":"[data-prefix=\"single_page\"] .entry-header .page-title {--theme-font-size:30px;} [data-prefix=\"single_page\"] .entry-header .entry-meta {--theme-font-weight:600;--theme-text-transform:uppercase;--theme-font-size:12px;--theme-line-height:1.3;}","tablet":"","mobile":""},"google_fonts":[],"version":6}},"tpgb_featured_images":null,"tpgb_post_meta_info":{"get_date":"20. juni 2025","get_modified_date":"7. april 2026","author_name":"Torsten Wagner","author_url":"https:\/\/www.zum-wildbach.de\/da\/author\/torsten","author_email":"admin@wagnergraphics.de","author_website":"https:\/\/www.zum-wildbach.de","author_description":"","author_facebook":"","author_twitter":"","author_instagram":"","author_role":["administrator"],"author_firstname":"Torsten","author_lastname":"Wagner","user_login":"Torsten","comment_count":0,"post_likes":0,"post_views":0},"tpgb_post_category":[],"_links":{"self":[{"href":"https:\/\/www.zum-wildbach.de\/da\/wp-json\/wp\/v2\/pages\/58412","targetHints":{"allow":["GET"]}}],"collection":[{"href":"https:\/\/www.zum-wildbach.de\/da\/wp-json\/wp\/v2\/pages"}],"about":[{"href":"https:\/\/www.zum-wildbach.de\/da\/wp-json\/wp\/v2\/types\/page"}],"author":[{"embeddable":true,"href":"https:\/\/www.zum-wildbach.de\/da\/wp-json\/wp\/v2\/users\/1"}],"replies":[{"embeddable":true,"href":"https:\/\/www.zum-wildbach.de\/da\/wp-json\/wp\/v2\/comments?post=58412"}],"version-history":[{"count":8,"href":"https:\/\/www.zum-wildbach.de\/da\/wp-json\/wp\/v2\/pages\/58412\/revisions"}],"predecessor-version":[{"id":91926,"href":"https:\/\/www.zum-wildbach.de\/da\/wp-json\/wp\/v2\/pages\/58412\/revisions\/91926"}],"wp:attachment":[{"href":"https:\/\/www.zum-wildbach.de\/da\/wp-json\/wp\/v2\/media?parent=58412"}],"curies":[{"name":"wp","href":"https:\/\/api.w.org\/{rel}","templated":true}]}}