{"id":89653,"date":"2026-03-14T21:43:42","date_gmt":"2026-03-14T20:43:42","guid":{"rendered":"https:\/\/www.zum-wildbach.de\/fremragende-kvalitet-din-garanti-for-en-vellykket-ferie-i-harzen"},"modified":"2026-03-15T10:04:56","modified_gmt":"2026-03-15T09:04:56","slug":"fremragende-kvalitet-din-garanti-for-en-vellykket-ferie-i-harzen","status":"publish","type":"page","link":"https:\/\/www.zum-wildbach.de\/da\/fremragende-kvalitet-din-garanti-for-en-vellykket-ferie-i-harzen","title":{"rendered":"Fremragende kvalitet: Din garanti for en vellykket ferie i Harzen"},"content":{"rendered":"\n<div class=\"wp-block-stackable-columns alignfull stk-block-columns stk-block stk-24ccd35 stk-block-background holz stk--has-background-overlay\" fetchpriority=\"high\" id=\"video\" data-block-id=\"24ccd35\"><style>.stk-24ccd35 {background-color:var(--theme-palette-color-8, #dddad2) !important;background-image:url(https:\/\/www.zum-wildbach.de\/wp-content\/uploads\/2023\/02\/1.webp) !important;background-repeat:no-repeat !important;background-size:cover !important;background-blend-mode:luminosity !important;margin-bottom:24px !important;}.stk-24ccd35:before{background-color:var(--theme-palette-color-8, #dddad2) !important;opacity:0.9 !important;}<\/style><style class=\"stk-custom-css\">.stk-24ccd35.stk-block-columns{overflow:visible !important}<\/style><div class=\"stk-row stk-inner-blocks stk-block-content stk-content-align stk-24ccd35-column\">\n<div class=\"wp-block-stackable-column stk-block-column stk-column stk-block stk-ddd353a\" data-v=\"4\" fetchpriority=\"high\" data-block-id=\"ddd353a\"><style>.stk-ddd353a-container{margin-top:0px !important;margin-right:0px !important;margin-bottom:0px !important;margin-left:0px !important;}.stk-ddd353a {position:relative !important;}<\/style><div class=\"stk-column-wrapper stk-block-column__content stk-container stk-ddd353a-container stk--no-background stk--no-padding\"><div class=\"stk-block-content stk-inner-blocks stk-ddd353a-inner-blocks\"><div class=\"tpgb-empty-space tpgb-block-14e240_89634 \"><\/div>\n\n\n<div class=\"wp-block-stackable-columns alignfull stk-block-columns stk-block stk-1786325 holz\" fetchpriority=\"high\" data-block-id=\"1786325\"><style>.stk-1786325 {align-items:center !important;margin-bottom:0px !important;display:flex !important;}.stk-1786325-column{--stk-column-gap:120px !important;row-gap:40px !important;}<\/style><div class=\"stk-row stk-inner-blocks stk-block-content stk-content-align stk-1786325-column alignwide\">\n<div class=\"wp-block-stackable-column stk-block-column stk-column stk-block stk-098d037\" data-v=\"4\" data-block-id=\"098d037\"><style>.stk-098d037-container{margin-top:0px !important;margin-right:0px !important;margin-bottom:0px !important;margin-left:0px !important;}<\/style><div class=\"stk-column-wrapper stk-block-column__content stk-container stk-098d037-container stk--no-background stk--no-padding\"><div class=\"has-text-align-left stk-block-content stk-inner-blocks stk-098d037-inner-blocks\">\n<h1 class=\"wp-block-heading\">Fremragende kvalitet: <br>Din garanti for en vellykket ferie i Harzen<\/h1>\n\n\n<div class=\"tpgb-empty-space tpgb-block-d89d_89634 \"><\/div>\n\n\n<h2 class=\"wp-block-heading\"><strong>Bekr\u00e6ftet kvalitet: <\/strong><br><strong>Hvorfor du kan stole p\u00e5&nbsp;os<\/strong><\/h2>\n\n\n\n<p>Ferie\u00addage er dyrebare. Derfor er det vores h\u00f8jeste m\u00e5l i ferie\u00adan\u00adl\u00e6g\u00adget Zum Wildbach at give dig en tid, der funge\u00adrer fra f\u00f8rste til sidste minut. At det lykkes for os, ses ikke kun p\u00e5 de tilfredse ansig\u00adter hos vores afrej\u00adsende g\u00e6ster, men ogs\u00e5 p\u00e5 de objek\u00adtive anmel\u00addel\u00adser fra uafh\u00e6n\u00adgige porta\u00adler gennem mange&nbsp;\u00e5r.&nbsp;<\/p>\n\n\n\n<p>Vi er stolte af, at vores hus l\u00f8bende h\u00f8rer til blandt de bedste i regio\u00adnen og langt ud over. Den impone\u00adrende r\u00e6kke af <strong>fem Holiday\u00adCheck Awards i tr\u00e6k<\/strong> (2022 \u2013 2026), senest kronet med titlen som <strong>delstatsvin\u00adder i Sachsen-Anhalt 2026<\/strong>, er et st\u00e6rkt bevis p\u00e5 vores stabilitet.&nbsp;<\/p>\n\n\n\n<p>Det supple\u00adres af de regel\u00adm\u00e6s\u00adsige udm\u00e6r\u00adkel\u00adser som <strong>\u201eG\u00e6ste\u00adfa\u00advo\u00adrit\u201c<\/strong> fra Turis\u00adme\u00adfor\u00adbun\u00addet Sachsen-Anhalt \u2013 hvad enten det er som delstatsvin\u00adder (2023) eller som regions\u00advin\u00adder i Harzen (2025, 2024).<\/p>\n\n\n<div class=\"tpgb-empty-space tpgb-block-8d79_89634 \"><\/div>\n\n\n<figure class=\"wp-block-image alignwide size-large\"><img decoding=\"async\" width=\"2560\" height=\"1440\" src=\"https:\/\/www.zum-wildbach.de\/wp-content\/uploads\/2026\/03\/tplsa2305_gl_fewo_copyright-img-jan-sobotka-edited-scaled.jpg\" alt=\"Overr\u00e6kkelse af prisen \u201dG\u00e6stefavorit\u201d som landsvinder i Sachsen-Anhalt i kategorien ferielejlighed, 2023\" class=\"wp-image-89665\" srcset=\"https:\/\/www.zum-wildbach.de\/wp-content\/uploads\/2026\/03\/tplsa2305_gl_fewo_copyright-img-jan-sobotka-edited-scaled.jpg 2560w, https:\/\/www.zum-wildbach.de\/wp-content\/uploads\/2026\/03\/tplsa2305_gl_fewo_copyright-img-jan-sobotka-edited-300x169.jpg 300w, https:\/\/www.zum-wildbach.de\/wp-content\/uploads\/2026\/03\/tplsa2305_gl_fewo_copyright-img-jan-sobotka-edited-1024x576.jpg 1024w, https:\/\/www.zum-wildbach.de\/wp-content\/uploads\/2026\/03\/tplsa2305_gl_fewo_copyright-img-jan-sobotka-edited-768x432.jpg 768w, https:\/\/www.zum-wildbach.de\/wp-content\/uploads\/2026\/03\/tplsa2305_gl_fewo_copyright-img-jan-sobotka-edited-1536x864.jpg 1536w, https:\/\/www.zum-wildbach.de\/wp-content\/uploads\/2026\/03\/tplsa2305_gl_fewo_copyright-img-jan-sobotka-edited-2048x1152.jpg 2048w, https:\/\/www.zum-wildbach.de\/wp-content\/uploads\/2026\/03\/tplsa2305_gl_fewo_copyright-img-jan-sobotka-edited-206x116.jpg 206w\" sizes=\"(max-width: 2560px) 100vw, 2560px\"><figcaption class=\"wp-element-caption\">Foto: IMG\/Jan Sobotka<\/figcaption><\/figure>\n\n\n<div class=\"tpgb-empty-space tpgb-block-21db_89634 \"><\/div>\n\n\n<h2 class=\"wp-block-heading\"><strong>Hvad betyder disse priser for dig som&nbsp;g\u00e6st?<\/strong><\/h2>\n\n\n\n<div class=\"wp-block-stackable-columns stk-block-columns stk-block stk-77e92f8\" data-block-id=\"77e92f8\"><style>.stk-77e92f8 {margin-bottom:0px !important;}.stk-77e92f8-column{--stk-column-gap:60px !important;row-gap:48px !important;justify-content:space-between !important;}<\/style><div class=\"stk-row stk-inner-blocks stk-block-content stk-content-align stk-77e92f8-column stk--flex\">\n<div class=\"wp-block-stackable-column stk-block-column stk-column stk-block stk-eb0e463\" data-v=\"4\" data-block-id=\"eb0e463\"><style>.stk-eb0e463-container{max-width:700px !important;min-width:auto !important;}<\/style><div class=\"stk-column-wrapper stk-block-column__content stk-container stk-eb0e463-container stk--no-background stk--no-padding\"><div class=\"stk-block-content stk-inner-blocks stk-eb0e463-inner-blocks\">\n<p>For os er disse priser ikke en sovepude, men et l\u00f8fte om god service til dig. De betyder:<\/p>\n\n\n\n<div class=\"wp-block-stackable-icon-list stk-block-icon-list stk-block stk-a5bf5e5\" data-block-id=\"a5bf5e5\"><style>.stk-a5bf5e5 {--stk-icon-list-row-gap:24px !important;--stk-icon-list-marker-color:var(--theme-palette-color-2, #497e40) !important;--stk-icon-list-icon-size:18px !important;}.stk-a5bf5e5 .stk-block-icon-list-item__content{align-items:baseline !important;}.stk-a5bf5e5 ul .stk-block-icon-list-item__content .stk--inner-svg, .stk-a5bf5e5 ol .stk-block-icon-list-item__content .stk-block-icon-list-item__marker{transform:translateY(3px) !important;}<\/style><svg style=\"display:none\"><defs><g id=\"stk-icon-list__icon-svg-def-a5bf5e5\"><svg viewBox=\"0 0 512 512\"><path d=\"M504 256c0 136.967-111.033 248-248 248S8 392.967 8 256 119.033 8 256 8s248 111.033 248 248zM227.314 387.314l184-184c6.248-6.248 6.248-16.379 0-22.627l-22.627-22.627c-6.248-6.249-16.379-6.249-22.628 0L216 308.118l-70.059-70.059c-6.248-6.248-16.379-6.248-22.628 0l-22.627 22.627c-6.248 6.248-6.248 16.379 0 22.627l104 104c6.249 6.249 16.379 6.249 22.628.001z\" \/><\/svg><\/g><\/defs><\/svg><ul class=\"stk-block-icon-list__ul stk-block-icon-list--column\">\n<li class=\"wp-block-stackable-icon-list-item stk-block-icon-list-item stk-block stk-43d75b5\" data-block-id=\"43d75b5\"><div class=\"stk-block-icon-list-item__content\"><span class=\"stk--svg-wrapper\"><div class=\"stk--inner-svg\"><svg aria-hidden=\"true\" width=\"32\" height=\"32\"><use xlink:href=\"#stk-icon-list__icon-svg-def-a5bf5e5\" xmlns:xlink=\"http:\/\/www.w3.org\/1999\/xlink\" \/><\/svg><\/div><\/span><span class=\"stk-block-icon-list-item__text\"><strong>Sikker\u00adhed ved booking:<\/strong> <br>Du v\u00e6lger en bolig, hvis kvali\u00adtet ikke kun er lovet, men bekr\u00e6f\u00adtet af hundred\u00advis af \u00e6gte ferieg\u00e6ster.<\/span><\/div><\/li>\n\n\n\n<li class=\"wp-block-stackable-icon-list-item stk-block-icon-list-item stk-block stk-eea58c1\" data-block-id=\"eea58c1\"><div class=\"stk-block-icon-list-item__content\"><span class=\"stk--svg-wrapper\"><div class=\"stk--inner-svg\"><svg aria-hidden=\"true\" width=\"32\" height=\"32\"><use xlink:href=\"#stk-icon-list__icon-svg-def-a5bf5e5\" xmlns:xlink=\"http:\/\/www.w3.org\/1999\/xlink\" \/><\/svg><\/div><\/span><span class=\"stk-block-icon-list-item__text\"><strong>Levet g\u00e6stfri\u00adhed:<\/strong> <br>Priserne anerken\u00adder ikke kun facili\u00adte\u00adterne, men frem for alt den service, renlig\u00adhed og hjerte\u00advarme, som vores team udlever hver&nbsp;dag.<\/span><\/div><\/li>\n\n\n\n<li class=\"wp-block-stackable-icon-list-item stk-block-icon-list-item stk-block stk-b667f5f\" data-block-id=\"b667f5f\"><div class=\"stk-block-icon-list-item__content\"><span class=\"stk--svg-wrapper\"><div class=\"stk--inner-svg\"><svg aria-hidden=\"true\" width=\"32\" height=\"32\"><use xlink:href=\"#stk-icon-list__icon-svg-def-a5bf5e5\" xmlns:xlink=\"http:\/\/www.w3.org\/1999\/xlink\" \/><\/svg><\/div><\/span><span class=\"stk-block-icon-list-item__text\"><strong>H\u00f8j standard:<\/strong> <br>Uanset om du kommer for f\u00f8rste gang eller er stamg\u00e6st \u2013 kan du stole p\u00e5, at du finder det h\u00f8je niveau, som disse udm\u00e6r\u00adkel\u00adser repr\u00e6senterer.<\/span><\/div><\/li>\n<\/ul><\/div>\n<\/div><\/div><\/div>\n\n\n\n<div class=\"wp-block-stackable-column stk-block-column stk-column stk-block stk-8492e08\" data-v=\"4\" data-block-id=\"8492e08\"><style>.stk-8492e08-inner-blocks{justify-content:flex-end !important;}<\/style><div class=\"stk-column-wrapper stk-block-column__content stk-container stk-8492e08-container stk--no-background stk--no-padding\"><div class=\"stk--column-flex stk-block-content stk-inner-blocks stk-8492e08-inner-blocks\">\n<div class=\"wp-block-stackable-columns stk-block-columns stk-block stk-2a64e1a\" data-block-id=\"2a64e1a\"><style>.stk-2a64e1a-column{max-width:250px !important;min-width:auto !important;--stk-columns-spacing:0px !important;flex-wrap:wrap !important;--stk-flex-grow:0 !important;row-gap:24px !important;}@media screen and (max-width:689px){.stk-2a64e1a-column{max-width:150px !important;min-width:auto !important;}}<\/style><div class=\"stk-row stk-inner-blocks stk-block-content stk-content-align stk-2a64e1a-column\">\n<div class=\"wp-block-stackable-column stk-block-column stk-column stk-block stk-db47a96\" data-v=\"4\" data-block-id=\"db47a96\"><style>.stk-db47a96 {align-self:flex-end !important;}@media screen and (min-width:690px){.stk-db47a96 {flex:var(--stk-flex-grow, 1) 1 calc(100% - var(--stk-column-gap, 0px) * 0 \/ 1 ) !important;}}@media screen and (max-width:689px){.stk-db47a96 {flex:var(--stk-flex-grow, 1) 1 calc(50% - var(--stk-column-gap, 0px) * 1 \/ 2 ) !important;}}<\/style><div class=\"stk-column-wrapper stk-block-column__content stk-container stk-db47a96-container stk--no-background stk--no-padding\"><div class=\"stk-block-content stk-inner-blocks stk-db47a96-inner-blocks\">\n<figure class=\"wp-block-image size-large\"><img decoding=\"async\" width=\"800\" height=\"443\" src=\"https:\/\/www.zum-wildbach.de\/wp-content\/uploads\/2025\/11\/sieger-harz-kategorie-ferienwohnung.webp\" alt=\"Pris G\u00e6stefavorit for bedste g\u00e6steservice 2025 i Harzen\" class=\"wp-image-76939\" srcset=\"https:\/\/www.zum-wildbach.de\/wp-content\/uploads\/2025\/11\/sieger-harz-kategorie-ferienwohnung.webp 800w, https:\/\/www.zum-wildbach.de\/wp-content\/uploads\/2025\/11\/sieger-harz-kategorie-ferienwohnung-300x166.webp 300w, https:\/\/www.zum-wildbach.de\/wp-content\/uploads\/2025\/11\/sieger-harz-kategorie-ferienwohnung-768x425.webp 768w, https:\/\/www.zum-wildbach.de\/wp-content\/uploads\/2025\/11\/sieger-harz-kategorie-ferienwohnung-209x116.webp 209w\" sizes=\"(max-width: 800px) 100vw, 800px\"><\/figure>\n<\/div><\/div><\/div>\n\n\n\n<div class=\"wp-block-stackable-column stk-block-column stk-column stk-block stk-ca3bf9b\" data-v=\"4\" data-block-id=\"ca3bf9b\"><style>@media screen and (min-width:690px){.stk-ca3bf9b {flex:var(--stk-flex-grow, 1) 1 calc(100% - var(--stk-column-gap, 0px) * 0 \/ 1 ) !important;}}@media screen and (max-width:689px){.stk-ca3bf9b {flex:var(--stk-flex-grow, 1) 1 calc(50% - var(--stk-column-gap, 0px) * 1 \/ 2 ) !important;}}<\/style><div class=\"stk-column-wrapper stk-block-column__content stk-container stk-ca3bf9b-container stk--no-background stk--no-padding\"><div class=\"stk-block-content stk-inner-blocks stk-ca3bf9b-inner-blocks\">\n<figure class=\"wp-block-image size-large\"><img decoding=\"async\" width=\"300\" height=\"300\" src=\"https:\/\/www.zum-wildbach.de\/wp-content\/uploads\/2023\/02\/logo_award_2026_rgb.png\" alt=\"HolidayCheck 2026 Award-logo p\u00e5 farveovergang\" class=\"wp-image-89568\" srcset=\"https:\/\/www.zum-wildbach.de\/wp-content\/uploads\/2023\/02\/logo_award_2026_rgb.png 300w, https:\/\/www.zum-wildbach.de\/wp-content\/uploads\/2023\/02\/logo_award_2026_rgb-150x150.png 150w, https:\/\/www.zum-wildbach.de\/wp-content\/uploads\/2023\/02\/logo_award_2026_rgb-700x700.png 700w, https:\/\/www.zum-wildbach.de\/wp-content\/uploads\/2023\/02\/logo_award_2026_rgb-116x116.png 116w\" sizes=\"(max-width: 300px) 100vw, 300px\"><\/figure>\n<\/div><\/div><\/div>\n<\/div><\/div>\n<\/div><\/div><\/div>\n<\/div><\/div>\n\n\n\n<h2 class=\"wp-block-heading\"><strong>Vores ambition og din feedback<\/strong><\/h2>\n\n\n\n<p>Disse succe\u00adser er resul\u00adta\u00adtet af h\u00e5rdt arbejde og passio\u00adnen for at v\u00e6re v\u00e6rt. Vi hviler ikke p\u00e5 laurb\u00e6r\u00adrene, men ser hver pris som en motiva\u00adtion til at sikre denne standard ogs\u00e5 til dit n\u00e6ste ophold.&nbsp;<\/p>\n\n\n\n<p>Da alle disse priser er baseret p\u00e5 \u00e6rlige tilba\u00adge\u00admel\u00addin\u00adger fra vores bes\u00f8gende, g\u00e5r vores st\u00f8rste tak til dig \u2013 vores g\u00e6ster. Din tillid og din feedback er vores vigtig\u00adste kompas.&nbsp;<\/p>\n\n\n\n<p>Vi invite\u00adrer dig hjerte\u00adligt til selv at opleve, hvorfor ferie\u00adan\u00adl\u00e6g\u00adget Zum Wildbach er en af de mest popul\u00e6re adres\u00adser i Harzen.<\/p>\n\n\n<div class=\"tpgb-empty-space tpgb-block-68d0_89634 \"><\/div>\n\n\n<div class=\"wp-block-stackable-button-group stk-block-button-group stk-block stk-455cf7f\" data-block-id=\"455cf7f\"><style>.stk-455cf7f {margin-bottom:0px !important;}<\/style><div class=\"stk-row stk-inner-blocks has-text-align-center stk-block-content stk-button-group\">\n<div class=\"wp-block-stackable-button stk-block-button has-text-align-left stk-block stk-00b4d02\" data-block-id=\"00b4d02\"><style>.stk-00b4d02 .stk-button .stk--inner-svg svg:last-child{height:24px !important;width:24px !important;margin-inline-end:8px !important;}.stk-00b4d02 .stk-button .stk--inner-svg svg:last-child, .stk-00b4d02 .stk-button .stk--inner-svg svg:last-child :is(g, path, rect, polygon, ellipse){fill:#0f0e17 !important;}<\/style><a class=\"stk-link stk-button stk--hover-effect-lift\" href=\"https:\/\/www.zum-wildbach.de\/unterkuenfte\"><span class=\"stk--svg-wrapper\"><div class=\"stk--inner-svg\"><svg viewBox=\"0 0 640 512\" aria-hidden=\"true\" width=\"32\" height=\"32\"><path d=\"M176 256c44.11 0 80-35.89 80-80s-35.89-80-80-80-80 35.89-80 80 35.89 80 80 80zm352-128H304c-8.84 0-16 7.16-16 16v144H64V80c0-8.84-7.16-16-16-16H16C7.16 64 0 71.16 0 80v352c0 8.84 7.16 16 16 16h32c8.84 0 16-7.16 16-16v-48h512v48c0 8.84 7.16 16 16 16h32c8.84 0 16-7.16 16-16V240c0-61.86-50.14-112-112-112z\" \/><\/svg><\/div><\/span><span class=\"stk-button__inner-text\">Se ferie\u00adbo\u00adli\u00adger<\/span><\/a><\/div>\n<\/div><\/div>\n\n\n<div class=\"tpgb-empty-space tpgb-block-1ea8_89634 \"><\/div><\/div><\/div><\/div>\n<\/div><\/div>\n\n\n<div class=\"tpgb-empty-space tpgb-block-0ea480_89634 \"><\/div>\n\n\n<div class=\"wp-block-stackable-image stk-block-image stk-block stk-d96f87c\" fetchpriority=\"high\" data-block-id=\"d96f87c\"><style>.stk-d96f87c {max-width:40% !important;min-width:auto !important;margin-right:auto !important;margin-bottom:-3% !important;margin-left:auto !important;z-index:10 !important;}.stk-d96f87c .stk-img-wrapper img{object-position:50% 100% !important;}@media screen and (max-width:689px){.stk-d96f87c {max-width:80% !important;min-width:auto !important;margin-bottom:-24px !important;}}<\/style><figure><span class=\"stk-img-wrapper stk-image--shape-stretch\"><img decoding=\"async\" class=\"stk-img wp-image-7597\" src=\"https:\/\/www.zum-wildbach.de\/wp-content\/uploads\/2023\/02\/Baeume-2.webp\" width=\"2048\" height=\"707\" alt=\"Tr\u00e6er\" srcset=\"https:\/\/www.zum-wildbach.de\/wp-content\/uploads\/2023\/02\/Baeume-2.webp 2048w, https:\/\/www.zum-wildbach.de\/wp-content\/uploads\/2023\/02\/Baeume-2-300x104.webp 300w, https:\/\/www.zum-wildbach.de\/wp-content\/uploads\/2023\/02\/Baeume-2-1024x354.webp 1024w, https:\/\/www.zum-wildbach.de\/wp-content\/uploads\/2023\/02\/Baeume-2-768x265.webp 768w, https:\/\/www.zum-wildbach.de\/wp-content\/uploads\/2023\/02\/Baeume-2-1536x530.webp 1536w, https:\/\/www.zum-wildbach.de\/wp-content\/uploads\/2023\/02\/Baeume-2-1600x552.webp 1600w\" sizes=\"(max-width: 2048px) 100vw, 2048px\"><\/span><\/figure><\/div>\n<\/div><\/div><\/div>\n<\/div><\/div>\n","protected":false},"excerpt":{"rendered":"<p>Fremra\u00adgende kvali\u00adtet: Din garanti for en vellyk\u00adket ferie i Harzen Bekr\u00e6f\u00adtet kvali\u00adtet: Hvorfor du kan stole p\u00e5&nbsp;os Ferie\u00addage er dyrebare. Derfor er det vores h\u00f8jeste m\u00e5l i ferie\u00adan\u00adl\u00e6g\u00adget Zum Wildbach at give dig en tid, der funge\u00adrer fra f\u00f8rste til sidste minut. At det lykkes for os, ses ikke kun p\u00e5 de tilfredse ansig\u00adter&nbsp;hos&nbsp;[\u2026]<\/p>\n","protected":false},"author":1,"featured_media":0,"parent":0,"menu_order":0,"comment_status":"closed","ping_status":"closed","template":"","meta":{"tpgb_global_settings":"","_eb_attr":"","wp_typography_post_enhancements_disabled":false,"footnotes":""},"class_list":["post-89653","page","type-page","status-publish","hentry"],"blocksy_meta":{"page_structure_type":"type-3","styles_descriptor":{"styles":{"desktop":"","tablet":"","mobile":""},"google_fonts":[],"version":6}},"tpgb_featured_images":null,"tpgb_post_meta_info":{"get_date":"14. marts 2026","get_modified_date":"15. marts 2026","author_name":"Torsten Wagner","author_url":"https:\/\/www.zum-wildbach.de\/da\/author\/torsten","author_email":"admin@wagnergraphics.de","author_website":"https:\/\/www.zum-wildbach.de","author_description":"","author_facebook":"","author_twitter":"","author_instagram":"","author_role":["administrator"],"author_firstname":"Torsten","author_lastname":"Wagner","user_login":"Torsten","comment_count":0,"post_likes":0,"post_views":0},"tpgb_post_category":[],"_links":{"self":[{"href":"https:\/\/www.zum-wildbach.de\/da\/wp-json\/wp\/v2\/pages\/89653","targetHints":{"allow":["GET"]}}],"collection":[{"href":"https:\/\/www.zum-wildbach.de\/da\/wp-json\/wp\/v2\/pages"}],"about":[{"href":"https:\/\/www.zum-wildbach.de\/da\/wp-json\/wp\/v2\/types\/page"}],"author":[{"embeddable":true,"href":"https:\/\/www.zum-wildbach.de\/da\/wp-json\/wp\/v2\/users\/1"}],"replies":[{"embeddable":true,"href":"https:\/\/www.zum-wildbach.de\/da\/wp-json\/wp\/v2\/comments?post=89653"}],"version-history":[{"count":18,"href":"https:\/\/www.zum-wildbach.de\/da\/wp-json\/wp\/v2\/pages\/89653\/revisions"}],"predecessor-version":[{"id":89806,"href":"https:\/\/www.zum-wildbach.de\/da\/wp-json\/wp\/v2\/pages\/89653\/revisions\/89806"}],"wp:attachment":[{"href":"https:\/\/www.zum-wildbach.de\/da\/wp-json\/wp\/v2\/media?parent=89653"}],"curies":[{"name":"wp","href":"https:\/\/api.w.org\/{rel}","templated":true}]}}